{"id":17791,"date":"2019-01-04T08:58:11","date_gmt":"2019-01-04T08:58:11","guid":{"rendered":"http:\/\/consulta-europa.com\/politica-privacidad\/"},"modified":"2023-01-10T14:29:54","modified_gmt":"2023-01-10T14:29:54","slug":"privacy","status":"publish","type":"page","link":"https:\/\/consulta-europa.com\/it\/privacy\/","title":{"rendered":"Privacy Policy"},"content":{"rendered":"<ol>\n<li>\n<h2>Informativa sulla privacy<\/h2>\n<\/li>\n<\/ol>\n<p>Consulta Europa Projects and Innovation, S.L. informa gli utenti del sito web sulla sua politica di trattamento e protezione dei dati personali degli utenti e dei clienti che possono essere raccolti durante la navigazione o la contrattazione di servizi attraverso il suo sito web.<\/p>\n<p>In questo senso, Consulta Europa Projects and Innovation, S.L. garantisce il rispetto della legislazione vigente in materia di protezione dei dati personali, riflessa nella Legge Organica 15\/1999, del 13 dicembre, sulla Protezione dei Dati Personali e nel Regio Decreto 1720\/2007, del 21 dicembre, che ha approvato il Regolamento sullo Sviluppo della LOPD. L&#8217;uso di questo sito web implica l&#8217;accettazione di questa politica sulla privacy.<\/p>\n<ol start=\"2\">\n<li>\n<h2>Raccolta, finalit\u00e0 e trattamento dei dati<\/h2>\n<\/li>\n<\/ol>\n<p>Consulta Europa Projects and Innovation, S.L. ha il dovere di informare gli utenti del suo sito web sulla raccolta di dati personali che pu\u00f2 essere effettuata, sia inviando un&#8217;e-mail sia compilando i moduli inclusi nel sito web. In questo senso, Consulta Europa Projects and Innovation, S.L. sar\u00e0 considerata responsabile dei dati raccolti attraverso i mezzi sopra descritti.<\/p>\n<p>Allo stesso tempo, Consulta Europa Projects and Innovation, S.L., informa gli utenti che la finalit\u00e0 del trattamento dei dati raccolti comprende l&#8217;attenzione alle richieste degli utenti, l&#8217;inserimento nell&#8217;agenda dei contatti, la prestazione di servizi e la gestione del rapporto commerciale.<\/p>\n<p>Le operazioni, la gestione e le procedure tecniche eseguite in modo automatizzato o non automatizzato che consentono la raccolta, la conservazione, la modifica, il trasferimento e altre azioni sui dati personali sono considerate come trattamento dei dati personali.<\/p>\n<p>Tutti i dati personali raccolti attraverso il sito web di Consulta Europa Projects and Innovation, S.L , e quindi considerati come trattamento di dati personali, saranno incorporati negli archivi dichiarati all&#8217;Agenzia spagnola per la protezione dei dati da Consulta Europa Projects and Innovation, S.L.<\/p>\n<ol start=\"3\">\n<li>\n<h2>Comunicazione di informazioni a terzi<\/h2>\n<\/li>\n<\/ol>\n<p>Consulta Europa Projects and Innovation, S.L. informa gli utenti che i loro dati personali non saranno trasferiti a organizzazioni terze, tranne nel caso in cui tale trasferimento di dati sia coperto da un obbligo legale o quando la fornitura di un servizio implichi la necessit\u00e0 di un rapporto contrattuale con un responsabile del trattamento. In quest&#8217;ultimo caso, i dati saranno trasferiti a terzi solo quando Consulta Europa Projects and Innovation, S.L. avr\u00e0 il consenso esplicito dell&#8217;utente.<\/p>\n<ol start=\"4\">\n<li>\n<h2>Diritti degli utenti<\/h2>\n<\/li>\n<\/ol>\n<p>La Legge Organica 15\/1999, del 13 dicembre, sulla Protezione dei Dati Personali, concede agli interessati la possibilit\u00e0 di esercitare una serie di diritti relativi al trattamento dei loro dati personali. Nella misura in cui i dati dell&#8217;utente sono trattati da Consulta Europa Projects and Innovation S.L. gli utenti possono esercitare i diritti di accesso, rettifica, cancellazione e opposizione in conformit\u00e0 con le disposizioni della legislazione vigente in materia di protezione dei dati personali. Per esercitare tali diritti, l&#8217;utente dovr\u00e0 inviare una comunicazione scritta, fornendo la documentazione comprovante la propria identit\u00e0 (carta d&#8217;identit\u00e0 o passaporto), al seguente indirizzo: Consulta Europa Progetti e Innovazione, S.L Calle: C\/ Practicante Ignacio Rodr\u00edguez, s\/n, Edificio Polivalente II, primo piano, ufficio 10, 35017 , Las Palmas De Gran Canaria, Las Palmas o all&#8217;indirizzo che viene sostituito nel Registro Generale della Protezione dei Dati. Tale comunicazione deve riportare le seguenti informazioni: Nome e cognome dell&#8217;utente, la richiesta, l&#8217;indirizzo e i dati di supporto. L&#8217;esercizio dei diritti deve essere effettuato dall&#8217;utente stesso. Tuttavia, pu\u00f2 essere eseguito da una persona autorizzata in qualit\u00e0 di rappresentante legale dell&#8217;interessato. In questo caso, \u00e8 necessario fornire la documentazione che accredita tale rappresentanza dell&#8217;interessato.<\/p>\n","protected":false},"excerpt":{"rendered":"<p>Informativa sulla privacy Consulta Europa Projects and Innovation, S.L. informa gli utenti del sito web sulla sua politica di trattamento e protezione dei dati personali degli utenti e dei clienti che possono essere raccolti durante la navigazione o la contrattazione di servizi attraverso il suo sito web. In questo senso, Consulta Europa Projects and Innovation, [&hellip;]<\/p>\n","protected":false},"author":1,"featured_media":0,"parent":0,"menu_order":0,"comment_status":"closed","ping_status":"closed","template":"page-legal.php","meta":{"inline_featured_image":false,"_FSMCFIC_featured_image_caption":"","_FSMCFIC_featured_image_nocaption":"","_FSMCFIC_featured_image_hide":""},"acf":[],"_links":{"self":[{"href":"https:\/\/consulta-europa.com\/it\/wp-json\/wp\/v2\/pages\/17791"}],"collection":[{"href":"https:\/\/consulta-europa.com\/it\/wp-json\/wp\/v2\/pages"}],"about":[{"href":"https:\/\/consulta-europa.com\/it\/wp-json\/wp\/v2\/types\/page"}],"author":[{"embeddable":true,"href":"https:\/\/consulta-europa.com\/it\/wp-json\/wp\/v2\/users\/1"}],"replies":[{"embeddable":true,"href":"https:\/\/consulta-europa.com\/it\/wp-json\/wp\/v2\/comments?post=17791"}],"version-history":[{"count":4,"href":"https:\/\/consulta-europa.com\/it\/wp-json\/wp\/v2\/pages\/17791\/revisions"}],"predecessor-version":[{"id":23540,"href":"https:\/\/consulta-europa.com\/it\/wp-json\/wp\/v2\/pages\/17791\/revisions\/23540"}],"wp:attachment":[{"href":"https:\/\/consulta-europa.com\/it\/wp-json\/wp\/v2\/media?parent=17791"}],"curies":[{"name":"wp","href":"https:\/\/api.w.org\/{rel}","templated":true}]}}