{"id":22240,"date":"2022-05-20T13:51:09","date_gmt":"2022-05-20T13:51:09","guid":{"rendered":"https:\/\/consulta-europa.com\/events\/"},"modified":"2022-05-26T12:07:04","modified_gmt":"2022-05-26T12:07:04","slug":"events","status":"publish","type":"page","link":"https:\/\/consulta-europa.com\/fr\/events\/","title":{"rendered":"Events"},"content":{"rendered":"\n<div class=\"mec-wrap mec-skin-timeline-container  \" id=\"mec_skin_22176\">\r\n    \r\n        \r\n        <div class=\"mec-skin-timeline-events-container\" id=\"mec_skin_events_22176\">\r\n        <div class=\"mec-events-timeline-wrap mec-wrap colorskin-custom\">\r\n\r\n            <div class=\"mec-timeline-month-divider\"><span>avril 2022<\/span><\/div>\r\n    \r\n    <div class=\"mec-timeline-events-container\">\r\n                        <div class=\"mec-past-event mec-timeline-event clearfix \">\r\n                    <div class=\"mec-timeline-event-date mec-color\">25 avril 2022 <\/div>\r\n                    <div class=\"mec-timeline-event-content\">\r\n                        <div class=\"clearfix\">\r\n                            <div class=\"mec-timeline-right-content\">\r\n                                <div class=\"mec-timeline-event-image\"><a data-event-id=\"22249\" href=\"https:\/\/consulta-europa.com\/fr\/events-2\/oportunidad-del-programa-widening-para-canarias\/\" target=\"_blank\" rel=\"noopener\"><img width=\"300\" height=\"300\" src=\"https:\/\/consulta-europa.com\/wp-content\/uploads\/POST_-FB-IG-300x300.jpg\" class=\"attachment-thumblist size-thumblist wp-post-image\" alt=\"\" loading=\"lazy\" data-mec-postid=\"22249\" \/><\/a><\/div>\r\n                            <\/div>\r\n                            <div class=\"mec-timeline-left-content\">\r\n                                <div class=\"mec-timeline-main-content\">\r\n                                                                        <h4 class=\"mec-event-title\"><a class=\"mec-color-hover\" data-event-id=\"22249\" href=\"https:\/\/consulta-europa.com\/fr\/events-2\/oportunidad-del-programa-widening-para-canarias\/\" target=\"_blank\" rel=\"noopener\">Oportunidad del programa Widening para Canarias<\/a><span class=\"event-color\" style=\"background: #\"><\/span><\/h4>\r\n                                                                        <p>Conoce el programa Widening y las oportunidades existentes para Canarias durante este evento organizado en el ...<\/p>\r\n                                                                                                            <div class=\"mec-timeline-event-details\">\r\n                                        <div class=\"mec-timeline-event-time mec-color\">\r\n                                            <i class=\"mec-sl-clock\"><\/i><div class=\"mec-time-details\"><span class=\"mec-start-time\">9:15 am<\/span> - <span class=\"mec-end-time\">2:30 pm<\/span><\/div>                                        <\/div>\r\n                                    <\/div>\r\n                                                                                                    <\/div>\r\n                            <\/div>\r\n                        <\/div>\r\n                        <a class=\"mec-booking-button mec-timeline-readmore mec-bg-color\" data-event-id=\"22249\" href=\"https:\/\/consulta-europa.com\/fr\/events-2\/oportunidad-del-programa-widening-para-canarias\/\" target=\"_blank\" rel=\"noopener\">En savoir plus<i class=\"mec-sl-arrow-right\"><\/i><\/a>                    <\/div>\r\n                <\/div>\r\n                \r\n            <\/div>\r\n    \r\n\r\n            <div class=\"mec-timeline-month-divider\"><span>f\u00e9vrier 2022<\/span><\/div>\r\n    \r\n    <div class=\"mec-timeline-events-container\">\r\n                        <div class=\"mec-past-event mec-timeline-event clearfix \">\r\n                    <div class=\"mec-timeline-event-date mec-color mec-timeline-dates\">03 f\u00e9vrier 2022<br>04 f\u00e9vrier 2022 <\/div>\r\n                    <div class=\"mec-timeline-event-content\">\r\n                        <div class=\"clearfix\">\r\n                            <div class=\"mec-timeline-right-content\">\r\n                                <div class=\"mec-timeline-event-image\"><a data-event-id=\"22246\" href=\"https:\/\/consulta-europa.com\/fr\/events-2\/consulta-europa-teaches-a-free-blue-economy-course\/\" target=\"_blank\" rel=\"noopener\"><img width=\"300\" height=\"300\" src=\"https:\/\/consulta-europa.com\/wp-content\/uploads\/271767108_4767019423404997_1388278296301865345_n-1-1-300x300.png\" class=\"attachment-thumblist size-thumblist wp-post-image\" alt=\"\" loading=\"lazy\" data-mec-postid=\"22246\" \/><\/a><\/div>\r\n                            <\/div>\r\n                            <div class=\"mec-timeline-left-content\">\r\n                                <div class=\"mec-timeline-main-content\">\r\n                                                                        <h4 class=\"mec-event-title\"><a class=\"mec-color-hover\" data-event-id=\"22246\" href=\"https:\/\/consulta-europa.com\/fr\/events-2\/consulta-europa-teaches-a-free-blue-economy-course\/\" target=\"_blank\" rel=\"noopener\">Consulta Europa teaches a free blue economy course<\/a><span class=\"event-color\" style=\"background: #\"><\/span><\/h4>\r\n                                                                        <p>Consulta Europa is teaching a free course on Blue Economy for workers. The first two sessions ...<\/p>\r\n                                                                                                            <div class=\"mec-timeline-event-details\">\r\n                                        <div class=\"mec-timeline-event-time mec-color\">\r\n                                            <i class=\"mec-sl-clock\"><\/i><div class=\"mec-time-details\"><span class=\"mec-start-time\">4:00 pm<\/span> - <span class=\"mec-end-time\">12:00 am<\/span><\/div>                                        <\/div>\r\n                                    <\/div>\r\n                                                                                                    <\/div>\r\n                            <\/div>\r\n                        <\/div>\r\n                        <a class=\"mec-booking-button mec-timeline-readmore mec-bg-color\" data-event-id=\"22246\" href=\"https:\/\/consulta-europa.com\/fr\/events-2\/consulta-europa-teaches-a-free-blue-economy-course\/\" target=\"_blank\" rel=\"noopener\">En savoir plus<i class=\"mec-sl-arrow-right\"><\/i><\/a>                    <\/div>\r\n                <\/div>\r\n                \r\n            <\/div>\r\n    \r\n\r\n            <div class=\"mec-timeline-month-divider\"><span>novembre 2021<\/span><\/div>\r\n    \r\n    <div class=\"mec-timeline-events-container\">\r\n                        <div class=\"mec-past-event mec-timeline-event clearfix \">\r\n                    <div class=\"mec-timeline-event-date mec-color\">03 novembre 2021 <\/div>\r\n                    <div class=\"mec-timeline-event-content\">\r\n                        <div class=\"clearfix\">\r\n                            <div class=\"mec-timeline-right-content\">\r\n                                <div class=\"mec-timeline-event-image\"><a data-event-id=\"22252\" href=\"https:\/\/consulta-europa.com\/fr\/events-2\/h2020-information-day-on-smart-cities\/\" target=\"_blank\" rel=\"noopener\"><img width=\"278\" height=\"300\" src=\"https:\/\/consulta-europa.com\/wp-content\/uploads\/poster.sust_.tourism-copia.png\" class=\"attachment-thumblist size-thumblist wp-post-image\" alt=\"\" loading=\"lazy\" data-mec-postid=\"22252\" \/><\/a><\/div>\r\n                            <\/div>\r\n                            <div class=\"mec-timeline-left-content\">\r\n                                <div class=\"mec-timeline-main-content\">\r\n                                                                        <h4 class=\"mec-event-title\"><a class=\"mec-color-hover\" data-event-id=\"22252\" href=\"https:\/\/consulta-europa.com\/fr\/events-2\/h2020-information-day-on-smart-cities\/\" target=\"_blank\" rel=\"noopener\">H2020 information day on Smart Cities<\/a><span class=\"event-color\" style=\"background: #\"><\/span><\/h4>\r\n                                                                        <p>The\u00a0WestMED Initiative\u00a0is organising a webinar on November 3rd, 2021 titled \u201cSustainable Tourism Innovation\u201d, with a special ...<\/p>\r\n                                                                                                            <div class=\"mec-timeline-event-details\">\r\n                                        <div class=\"mec-timeline-event-time mec-color\">\r\n                                            <i class=\"mec-sl-clock\"><\/i><div class=\"mec-time-details\"><span class=\"mec-start-time\">12:30 pm<\/span> - <span class=\"mec-end-time\">5:00 pm<\/span><\/div>                                        <\/div>\r\n                                    <\/div>\r\n                                                                                                    <\/div>\r\n                            <\/div>\r\n                        <\/div>\r\n                        <a class=\"mec-booking-button mec-timeline-readmore mec-bg-color\" data-event-id=\"22252\" href=\"https:\/\/consulta-europa.com\/fr\/events-2\/h2020-information-day-on-smart-cities\/\" target=\"_blank\" rel=\"noopener\">En savoir plus<i class=\"mec-sl-arrow-right\"><\/i><\/a>                    <\/div>\r\n                <\/div>\r\n                \r\n            <\/div>\r\n    \r\n<\/div>    <\/div>\r\n    <div class=\"mec-skin-timeline-no-events-container mec-util-hidden\" id=\"mec_skin_no_events_22176\">\r\n        Pas d&#039;\u00e9v\u00e9nement actuellement programm\u00e9.    <\/div>\r\n        \r\n        \r\n<\/div>\n","protected":false},"excerpt":{"rendered":"","protected":false},"author":2,"featured_media":0,"parent":0,"menu_order":0,"comment_status":"closed","ping_status":"closed","template":"","meta":{"inline_featured_image":false,"_FSMCFIC_featured_image_caption":"","_FSMCFIC_featured_image_nocaption":"","_FSMCFIC_featured_image_hide":""},"acf":[],"_links":{"self":[{"href":"https:\/\/consulta-europa.com\/fr\/wp-json\/wp\/v2\/pages\/22240"}],"collection":[{"href":"https:\/\/consulta-europa.com\/fr\/wp-json\/wp\/v2\/pages"}],"about":[{"href":"https:\/\/consulta-europa.com\/fr\/wp-json\/wp\/v2\/types\/page"}],"author":[{"embeddable":true,"href":"https:\/\/consulta-europa.com\/fr\/wp-json\/wp\/v2\/users\/2"}],"replies":[{"embeddable":true,"href":"https:\/\/consulta-europa.com\/fr\/wp-json\/wp\/v2\/comments?post=22240"}],"version-history":[{"count":1,"href":"https:\/\/consulta-europa.com\/fr\/wp-json\/wp\/v2\/pages\/22240\/revisions"}],"predecessor-version":[{"id":22243,"href":"https:\/\/consulta-europa.com\/fr\/wp-json\/wp\/v2\/pages\/22240\/revisions\/22243"}],"wp:attachment":[{"href":"https:\/\/consulta-europa.com\/fr\/wp-json\/wp\/v2\/media?parent=22240"}],"curies":[{"name":"wp","href":"https:\/\/api.w.org\/{rel}","templated":true}]}}