{"id":17800,"date":"2019-02-11T21:29:32","date_gmt":"2019-02-11T21:29:32","guid":{"rendered":"http:\/\/consulta-europa.com\/cookies\/"},"modified":"2023-01-10T13:07:07","modified_gmt":"2023-01-10T13:07:07","slug":"cookies","status":"publish","type":"page","link":"https:\/\/consulta-europa.com\/fr\/cookies\/","title":{"rendered":"Politique en mati\u00e8re de cookies"},"content":{"rendered":"<h2>Politique en mati\u00e8re de cookies<\/h2>\n<p>Un cookie est un fichier qui est t\u00e9l\u00e9charg\u00e9 sur votre ordinateur lorsque vous acc\u00e9dez \u00e0 certains sites web. Les cookies permettent \u00e0 un site web, entre autres, de stocker et de r\u00e9cup\u00e9rer des informations sur les habitudes de navigation d&#8217;un utilisateur ou de son ordinateur et, selon les informations qu&#8217;ils contiennent et la fa\u00e7on dont vous utilisez votre ordinateur, ils peuvent \u00eatre utilis\u00e9s pour reconna\u00eetre l&#8217;utilisateur. Le navigateur de l&#8217;utilisateur ne m\u00e9morise les cookies sur le disque dur que pendant la session en cours, occupant un espace m\u00e9moire minimal et n&#8217;endommageant pas l&#8217;ordinateur. Les cookies ne contiennent pas d&#8217;informations personnelles sp\u00e9cifiques et la plupart d&#8217;entre eux sont supprim\u00e9s du disque dur \u00e0 la fin de la session du navigateur (cookies dits de session).<\/p>\n<p>La plupart des navigateurs acceptent les cookies par d\u00e9faut et, ind\u00e9pendamment d&#8217;eux, autorisent ou emp\u00eachent les cookies temporaires ou stock\u00e9s dans les param\u00e8tres de s\u00e9curit\u00e9.<\/p>\n<p>Sans votre consentement expr\u00e8s, en activant les cookies dans votre navigateur, Consulta Europa Projects and Innovation, S.L. ne reliera pas dans les cookies les donn\u00e9es m\u00e9moris\u00e9es avec vos donn\u00e9es personnelles fournies au moment de l&#8217;inscription ou de l&#8217;achat.<\/p>\n<p>L&#8217;Utilisateur accepte express\u00e9ment, en utilisant ce Site, le traitement des informations recueillies de la mani\u00e8re et aux fins susmentionn\u00e9es.\u00a0Et reconna\u00eet \u00e9galement la possibilit\u00e9 de s&#8217;opposer au traitement de ces donn\u00e9es ou informations en rejetant l&#8217;utilisation de Cookies en s\u00e9lectionnant les param\u00e8tres appropri\u00e9s \u00e0 cet effet dans votre navigateur. Toutefois, cette option de blocage des cookies dans votre navigateur peut ne pas vous permettre d&#8217;utiliser pleinement toutes les fonctionnalit\u00e9s du site web.<\/p>\n","protected":false},"excerpt":{"rendered":"<p>Politique en mati\u00e8re de cookies Un cookie est un fichier qui est t\u00e9l\u00e9charg\u00e9 sur votre ordinateur lorsque vous acc\u00e9dez \u00e0 certains sites web. Les cookies permettent \u00e0 un site web, entre autres, de stocker et de r\u00e9cup\u00e9rer des informations sur les habitudes de navigation d&#8217;un utilisateur ou de son ordinateur et, selon les informations qu&#8217;ils [&hellip;]<\/p>\n","protected":false},"author":1,"featured_media":0,"parent":0,"menu_order":0,"comment_status":"closed","ping_status":"closed","template":"page-legal.php","meta":{"inline_featured_image":false,"_FSMCFIC_featured_image_caption":"","_FSMCFIC_featured_image_nocaption":"","_FSMCFIC_featured_image_hide":""},"acf":[],"_links":{"self":[{"href":"https:\/\/consulta-europa.com\/fr\/wp-json\/wp\/v2\/pages\/17800"}],"collection":[{"href":"https:\/\/consulta-europa.com\/fr\/wp-json\/wp\/v2\/pages"}],"about":[{"href":"https:\/\/consulta-europa.com\/fr\/wp-json\/wp\/v2\/types\/page"}],"author":[{"embeddable":true,"href":"https:\/\/consulta-europa.com\/fr\/wp-json\/wp\/v2\/users\/1"}],"replies":[{"embeddable":true,"href":"https:\/\/consulta-europa.com\/fr\/wp-json\/wp\/v2\/comments?post=17800"}],"version-history":[{"count":3,"href":"https:\/\/consulta-europa.com\/fr\/wp-json\/wp\/v2\/pages\/17800\/revisions"}],"predecessor-version":[{"id":23530,"href":"https:\/\/consulta-europa.com\/fr\/wp-json\/wp\/v2\/pages\/17800\/revisions\/23530"}],"wp:attachment":[{"href":"https:\/\/consulta-europa.com\/fr\/wp-json\/wp\/v2\/media?parent=17800"}],"curies":[{"name":"wp","href":"https:\/\/api.w.org\/{rel}","templated":true}]}}