{"id":16875,"date":"2019-01-04T09:06:09","date_gmt":"2019-01-04T09:06:09","guid":{"rendered":"http:\/\/consulta-europa.com\/about\/mission-and-vision\/"},"modified":"2019-02-04T22:23:31","modified_gmt":"2019-02-04T22:23:31","slug":"mission-and-vision","status":"publish","type":"page","link":"https:\/\/consulta-europa.com\/fr\/about\/mission-and-vision\/","title":{"rendered":"Vision et mission"},"content":{"rendered":"<h2 style=\"text-align: center;\">Notre mission<\/h2>\n<p>Nous croyons en une \u00e9conomie globale o\u00f9 le d\u00e9veloppement local et mondial sont \u00e9troitement li\u00e9s. Le d\u00e9veloppement local et mondial doit \u00eatre intelligent, durable et inclusif afin de garantir une croissance et un bien-\u00eatre respectueux des contraintes naturelles et de l&#8217;\u00e9quit\u00e9 sociale. Nous sommes convaincus que les concepts d\u2019innovation sociale et d\u2019\u00e9conomie circulaire contribueront \u00e0 fa\u00e7onner l\u2019avenir de notre soci\u00e9t\u00e9 et de notre \u00e9conomie au cours des prochaines ann\u00e9es.<\/p>\n","protected":false},"excerpt":{"rendered":"<p>Notre mission Nous croyons en une \u00e9conomie globale o\u00f9 le d\u00e9veloppement local et mondial sont \u00e9troitement li\u00e9s. Le d\u00e9veloppement local et mondial doit \u00eatre intelligent, durable et inclusif afin de garantir une croissance et un bien-\u00eatre respectueux des contraintes naturelles et de l&#8217;\u00e9quit\u00e9 sociale. Nous sommes convaincus que les concepts d\u2019innovation sociale et d\u2019\u00e9conomie circulaire [&hellip;]<\/p>\n","protected":false},"author":1,"featured_media":18033,"parent":16863,"menu_order":0,"comment_status":"closed","ping_status":"closed","template":"page-about-alt.php","meta":{"inline_featured_image":false,"_FSMCFIC_featured_image_caption":"","_FSMCFIC_featured_image_nocaption":"","_FSMCFIC_featured_image_hide":""},"acf":[],"_links":{"self":[{"href":"https:\/\/consulta-europa.com\/fr\/wp-json\/wp\/v2\/pages\/16875"}],"collection":[{"href":"https:\/\/consulta-europa.com\/fr\/wp-json\/wp\/v2\/pages"}],"about":[{"href":"https:\/\/consulta-europa.com\/fr\/wp-json\/wp\/v2\/types\/page"}],"author":[{"embeddable":true,"href":"https:\/\/consulta-europa.com\/fr\/wp-json\/wp\/v2\/users\/1"}],"replies":[{"embeddable":true,"href":"https:\/\/consulta-europa.com\/fr\/wp-json\/wp\/v2\/comments?post=16875"}],"version-history":[{"count":4,"href":"https:\/\/consulta-europa.com\/fr\/wp-json\/wp\/v2\/pages\/16875\/revisions"}],"predecessor-version":[{"id":17758,"href":"https:\/\/consulta-europa.com\/fr\/wp-json\/wp\/v2\/pages\/16875\/revisions\/17758"}],"up":[{"embeddable":true,"href":"https:\/\/consulta-europa.com\/fr\/wp-json\/wp\/v2\/pages\/16863"}],"wp:featuredmedia":[{"embeddable":true,"href":"https:\/\/consulta-europa.com\/fr\/wp-json\/wp\/v2\/media\/18033"}],"wp:attachment":[{"href":"https:\/\/consulta-europa.com\/fr\/wp-json\/wp\/v2\/media?parent=16875"}],"curies":[{"name":"wp","href":"https:\/\/api.w.org\/{rel}","templated":true}]}}