{"id":23294,"date":"2022-12-28T13:47:48","date_gmt":"2022-12-28T13:47:48","guid":{"rendered":"https:\/\/consulta-europa.com\/?page_id=23294"},"modified":"2023-09-04T14:54:03","modified_gmt":"2023-09-04T14:54:03","slug":"kit-digital","status":"publish","type":"page","link":"https:\/\/consulta-europa.com\/es\/kit-digital\/","title":{"rendered":"Kit digital"},"content":{"rendered":"\r\n<div class=\"kit-digital-container\">\r\n<div class=\"kit-digital-logo-container\"><img src=\"https:\/\/consulta-europa.com\/wp-content\/uploads\/Logo-digitalizadores.png\" \/><\/div>\r\n<div class=\"kit-digital-introduccion-container\">\r\n<div class=\"kit-digital-introduccion\">\r\n<h1>Programa Kit Digital<\/h1>\r\n<p><strong>Ayudas para la digitalizaci\u00f3n de Pymes y Aut\u00f3nomos<\/strong><br \/>100% Subvencionado. \u00a1Consultado con nosotros! Actualmente estamos en proceso de de acreditaci\u00f3n como agentes digitalizadores autorizados por el Ministerio de Asuntos Econ\u00f3micos y Transformaci\u00f3n Digital.<\/p>\r\n<div class=\"buttons-container\"><a href=\"https:\/\/consulta-europa.com\/es\/kit-digital\/#formulario_contacto\">\u00a1Quiero digitalizar mi negocio!<\/a> <a href=\"https:\/\/consulta-europa.com\/es\/kit-digital\/#kit-digital-definicion\">m\u00e1s informaci\u00f3n<\/a><\/div>\r\n<\/div>\r\n<div><img src=\"https:\/\/consulta-europa.com\/wp-content\/uploads\/Vector.png\" \/><\/div>\r\n<\/div>\r\n<div class=\"kit-digital-convocatorias-container\">\r\n<div class=\"kit-digital-convocatorias-container-inner\">\r\n<h2>Conoce las convocatorias:<\/h2>\r\n<div class=\"kit-digital-convocatorias\">\r\n<div class=\"kit-digital-convocatoria\"><span class=\"convocatoria-number\">01<\/span> <small>Segmento<\/small><hr \/>\r\n<p>Dirigida a Pymes de entre 10 y 49 trabajadores<\/p>\r\n<strong>Importe: 12.000 \u20ac<\/strong>\r\n<p>Plazo hasta: 15\/03\/23<\/p>\r\n<\/div>\r\n<div class=\"kit-digital-convocatoria\"><span class=\"convocatoria-number\">02<\/span> <small>Segmento<\/small><hr \/>\r\n<p>Para Pymes de entre 3 y 9 empleados<\/p>\r\n<strong>Importe: 6.000 \u20ac<\/strong>\r\n<p>Plazo hasta: 02\/09\/23<\/p>\r\n<\/div>\r\n<div class=\"kit-digital-convocatoria\"><span class=\"convocatoria-number\">03<\/span> <small>Segmento<\/small><hr \/>\r\n<p>Para Pymes y aut\u00f3nomos de entre 0 y 2 empleados<\/p>\r\n<strong>Importe: 2.000 \u20ac<\/strong>\r\n<p>Plazo hasta: 20\/10\/23<\/p>\r\n<\/div>\r\n<\/div>\r\n<\/div>\r\n<\/div>\r\n<div id=\"kit-digital-definicion\" class=\"kit-digital-definicion kit-digital-boxed paddingY_25\">\r\n<div class=\"kit-digital-def-texto padding_30\">\r\n<h2>\u00bfQu\u00e9 es el Kit Digital?<\/h2>\r\n<p>El Kit Digital busca ayudar a Pymes, Microempresas y Aut\u00f3nomos en el territorio espa\u00f1ol a que puedan adquirir las soluciones digitales necesarias que permitan aumentar su productividad, y destacar ante su competencia. As\u00ed como permanecer latentes ante cualquier cambio en el mercado como parte del proceso de transformaci\u00f3n digital.<\/p>\r\n<a class=\"purple_button\" href=\"https:\/\/consulta-europa.com\/es\/kit-digital\/#formulario_contacto\">Saber m\u00e1s<\/a><\/div>\r\n<div class=\"kit-digital-def-video padding_30\"><iframe loading=\"lazy\" title=\"YouTube video player\" src=\"https:\/\/www.youtube-nocookie.com\/embed\/fI_Y5W25hPs\" width=\"560\" height=\"315\" frameborder=\"0\" allowfullscreen=\"allowfullscreen\"><\/iframe><\/div>\r\n<\/div>\r\n<div class=\"top_lines_container width_100\">\r\n<div class=\"top_line\">\u00a0<\/div>\r\n<div class=\"top_line\">\u00a0<\/div>\r\n<div class=\"top_line\">\u00a0<\/div>\r\n<\/div>\r\n<div class=\"kit-digital-solicitar kit-digital-boxed paddingY_25\">\r\n<div class=\"kit-digital-solicitar-imagen padding_30\"><img src=\"https:\/\/consulta-europa.com\/wp-content\/uploads\/kit-solicitar.png\" alt=\"\" \/><\/div>\r\n<div class=\"kit-digital-solicitar-texto padding_30\">\r\n<h2 class=\"text_bold\">\u00bfC\u00f3mo solicitar el bono digital del Programa Kit Digital?<\/h2>\r\n<p>Si eres una Pyme, Microempresa o Aut\u00f3nomo:<\/p>\r\n<ul>\r\n<li>Entra en la web <a class=\"color_purple text_bold\" href=\"https:\/\/www.acelerapyme.es\/\" target=\"_blank\" rel=\"noopener\">www.acelerapyme.es<\/a> y completa el test de autodiagn\u00f3stico.<\/li>\r\n<li>Consulta las soluciones digitales disponibles de acuerdo a lo que necesites.<\/li>\r\n<li>Rellena el formulario que encontrar\u00e1s en la sede electr\u00f3nica de Red.es (<a class=\"color_purple text_bold\" href=\"https:\/\/sede.red.gob.es\/\" target=\"_blank\" rel=\"noopener\">sede.red.gob.es<\/a>) para solicitar la ayuda del Kit Digital.<\/li>\r\n<\/ul>\r\n<p>&nbsp;<\/p>\r\n<a class=\"purple_button\" href=\"https:\/\/consulta-europa.com\/es\/kit-digital\/#formulario_contacto\">Cont\u00e1ctanos<\/a><\/div>\r\n<\/div>\r\n<div class=\"top_lines_container width_100\">\r\n<div class=\"top_line\">\u00a0<\/div>\r\n<div class=\"top_line\">\u00a0<\/div>\r\n<div class=\"top_line\">\u00a0<\/div>\r\n<\/div>\r\n<div class=\"kit-digital-requisitos kit-digital-boxed paddingY_25\">\r\n<div class=\"kit-digital-requisitos-texto padding_30\">\r\n<h2 class=\"text_bold\">Requisitos para solicitar el Kit Digital<\/h2>\r\n<p>Dependiendo del segmento al que puedes aplicar, selecciona la convocatoria que te corresponde para verificar los requisitos:<\/p>\r\n<ul>\r\n<li><a class=\"color_purple text_bold\" href=\"https:\/\/sede.red.gob.es\/es\/procedimientos\/convocatoria-de-ayudas-destinadas-la-digitalizacion-de-empresas-del-segmento-i-entre\" target=\"_blank\" rel=\"noopener\">1\u00aa Convocatoria:<\/a> empresas de 10 a menos de 50 empleados. y completa el test de autodiagn\u00f3stico.<\/li>\r\n<li><a class=\"color_purple text_bold\" href=\"https:\/\/sede.red.gob.es\/es\/procedimientos\/convocatoria-de-ayudas-destinadas-la-digitalizacion-de-empresas-del-segmento-ii\" target=\"_blank\" rel=\"noopener\">2\u00aa Convocatoria:<\/a> empresas de 3 a menos de 10 empleados.<\/li>\r\n<li><a class=\"color_purple text_bold\" href=\"https:\/\/sede.red.gob.es\/es\/procedimientos\/convocatoria-de-ayudas-destinadas-la-digitalizacion-de-empresas-del-segmento-iii\" target=\"_blank\" rel=\"noopener\">3\u00aa Convocatoria:<\/a> empresas de 0 a menos de 3 empleados.<\/li>\r\n<\/ul>\r\n<p>Tambi\u00e9n puedes entrar en la web <a class=\"color_purple text_bold\" href=\"https:\/\/www.acelerapyme.es\/\" target=\"_blank\" rel=\"noopener\">www.acelerapyme.es<\/a> para conocer m\u00e1s.<\/p>\r\n<a class=\"purple_button\" href=\"https:\/\/consulta-europa.com\/es\/kit-digital\/#formulario_contacto\">Saber m\u00e1s<\/a><\/div>\r\n<div class=\"kit-digital-requisitos-imagen padding_30\"><img src=\"https:\/\/consulta-europa.com\/wp-content\/uploads\/kit-requisitos.png\" alt=\"\" \/><\/div>\r\n<\/div>\r\n<div class=\"top_lines_container width_100\">\r\n<div class=\"top_line\">\u00a0<\/div>\r\n<div class=\"top_line\">\u00a0<\/div>\r\n<div class=\"top_line\">\u00a0<\/div>\r\n<\/div>\r\n<div class=\"kit-digital-servicios kit-digital-boxed paddingY_25\">\r\n<div class=\"kit-digital-solicitar-imagen padding_30\"><img src=\"https:\/\/consulta-europa.com\/wp-content\/uploads\/ICONO-SERVICIOS.png\" alt=\"\" \/><\/div>\r\n<div class=\"kit-digital-solicitar-texto padding_30\">\r\n<h2 class=\"text_bold\">\u00bfCu\u00e1les son los servicios que podemos ofrecerte?<\/h2>\r\n<p>En Consulta Europa tenemos experiencia en la elaboraci\u00f3n efectiva de <strong class=\"color_purple\">estrategias de comunicaci\u00f3n y diseminaci\u00f3n.<\/strong><\/p>\r\n<p><strong class=\"color_purple\">Ofrecemos soluciones<\/strong> a empresas que desean mejorar el impacto con su audiencia en medios sociales a trav\u00e9s de las herramientas actuales en marketing digital, redes sociales, posicionamiento, paid ads, redacci\u00f3n creativa, desarrollo web, dise\u00f1o gr\u00e1fico, organizaci\u00f3n de eventos y prensa.<\/p>\r\n<\/div>\r\n<\/div>\r\n<div class=\"kit-digital-categorias paddingY_25\">\r\n<h2 class=\"text_bold color_purple text-center\">Selecciona una categor\u00eda para ver soluciones<\/h2>\r\n<div class=\"kit-digital-categories-inner\">\r\n<div class=\"bhoechie-tab-container\">\r\n<div class=\"col-lg-3 col-md-3 col-sm-3 col-xs-3 bhoechie-tab-menu\">\r\n<div class=\"list-group\"><a class=\"list-group-item active text-center\" href=\"#\">Sitio web y presencia en internet<\/a> <a class=\"list-group-item text-center\" href=\"#\">Gesti\u00f3n de Redes Sociales<\/a> <a class=\"list-group-item text-center\" href=\"#\">Presencia avanzada en internet<\/a><\/div>\r\n<\/div>\r\n<div class=\"col-lg-9 col-md-9 col-sm-9 col-xs-9 bhoechie-tab\">\r\n<div class=\"bhoechie-tab-content active\">\r\n<h3 class=\"margin_bottom_20\">Soluci\u00f3n en Creaci\u00f3n e implementaci\u00f3n de sitio Web:<\/h3>\r\n<p class=\"margin_bottom_20\">Maquetado de estructura, dise\u00f1o y creaci\u00f3n de sitio web responsive con servicio de autogesti\u00f3n: P\u00e1gina de inicio y descripci\u00f3n de 4 secciones m\u00e1s formulario de contacto.<\/p>\r\nIncluye:\r\n<ul>\r\n<li>Optimizaci\u00f3n para buscadores b\u00e1sico de 3 p\u00e1ginas o apartados, indexaci\u00f3n y jerarquizaci\u00f3n del contenido.<\/li>\r\n<li>Instalaci\u00f3n y configuraci\u00f3n certificado SSL por 1 a\u00f1o.<\/li>\r\n<li>Adaptaci\u00f3n a los criterios de conformidad de nivel AA de las Pautas WCAG-2.1<\/li>\r\n<li>Cumplimiento de normativas sobre RGPD, gesti\u00f3n de cookies y navegaci\u00f3n.<\/li>\r\n<\/ul>\r\n<p class=\"margin_bottom_20\"><strong class=\"color_purple\">Rango de Precio: <\/strong>Puede variar entre 1350 euros a 4500 euros (seg\u00fan contenido a publicar)<\/p>\r\n<p><strong class=\"color_purple\">Importe m\u00e1ximo cubierto por la ayuda: 2.000 euros<\/strong><\/p>\r\n<\/div>\r\n<div class=\"bhoechie-tab-content\">\r\n<h3 class=\"margin_bottom_20\">Gesti\u00f3n de Redes Sociales:<\/h3>\r\n<p class=\"margin_bottom_20\">El objetivo es promocionar a las empresas beneficiarias en redes sociales.<\/p>\r\nIncluye:\r\n<ul>\r\n<li>Social Media Plan: definici\u00f3n e implementaci\u00f3n de una estrategia de redes sociales alineada con la misi\u00f3n y visi\u00f3n de la pyme, que sea relevante y conecte con los potenciales clientes, y fidelice a aquellos usuarios que ya lo sean.<\/li>\r\n<li>Monitorizaci\u00f3n de redes sociales: monitorizaci\u00f3n y control peri\u00f3dico a trav\u00e9s de m\u00e9tricas de referencia del impacto de las acciones, para cuantificar los resultados y comprobar si se est\u00e1n cumpliendo los objetivos marcados en la estrategia.<\/li>\r\n<li>Optimizaci\u00f3n de la red\/Auditor\u00eda Social Media: an\u00e1lisis de los diferentes canales sociales para poder optimizar el rendimiento.<\/li>\r\n<li>Gesti\u00f3n de una red social: administraci\u00f3n del perfil\/usuario de la pyme en, al menos, una red social.<\/li>\r\n<li>Publicaci\u00f3n de posts semanales: publicaci\u00f3n por parte del agente digitalizador de un m\u00ednimo de 4-8 entradas (posts) mensuales.<\/li>\r\n<\/ul>\r\n<p class=\"margin_bottom_20\"><strong class=\"color_purple\">Rango de Precio: <\/strong>Puede variar entre 690 euros a 2735 euros (seg\u00fan contenido a publicar)<\/p>\r\n<p><strong class=\"color_purple\">Importe m\u00e1ximo cubierto por la ayuda: 2.500 euros<\/strong><\/p>\r\n<\/div>\r\n<div class=\"bhoechie-tab-content\">\r\n<h3 class=\"margin_bottom_20\">Presencia avanzada en internet:<\/h3>\r\n<p class=\"margin_bottom_20\">El principal objetivo de esta categor\u00eda es la prestaci\u00f3n de funcionalidades y\/o servicios que aseguren tu posicionamiento en internet, aumentando tu alcance de potenciales clientes e incrementando el tr\u00e1fico de visitas en tu\/-s plataforma\/-s.<\/p>\r\nIncluye:\r\n<ul>\r\n<li>Posicionamiento b\u00e1sico en internet: la soluci\u00f3n deber\u00e1 posicionar la informaci\u00f3n b\u00e1sica del negocio, contacto y perfil de tu empresa en los principales sites, redes de negocio o directorios de empresas y profesionales.<\/li>\r\n<li>An\u00e1lisis de palabras clave: Gesti\u00f3n, b\u00fasqueda y an\u00e1lisis de palabras clave con el fin de desarrollar estrategias \u00fatiles para que los buscadores clasifiquen el contenido y ayuden a los usuarios a encontrar resultados relevantes para sus consultas.<\/li>\r\n<li>An\u00e1lisis de la competencia: la soluci\u00f3n incluye un an\u00e1lisis mensual de la competencia para informarte de tu situaci\u00f3n frente a otros competidores.<\/li>\r\n<li>SEO On-Page: la soluci\u00f3n debe ofrecer un servicio m\u00ednimo de dos p\u00e1ginas o apartados SEO On-Page, optimizando la estructura y el contenido interno para mejorar la posici\u00f3n natural de tu pyme en buscadores, as\u00ed como la indexaci\u00f3n y jerarquizaci\u00f3n del contenido.<\/li>\r\n<li>SEO Off-Page: la soluci\u00f3n deber\u00e1 proveer este servicio, que conllevar\u00e1 la ejecuci\u00f3n de acciones fuera del entorno del sitio web para mejorar tu posicionamiento org\u00e1nico.<\/li>\r\n<li>Informes mensuales de seguimiento: la soluci\u00f3n incluye un reporte mensual de los resultados de las acciones ejecutadas para generar consciencia de la evoluci\u00f3n y la repercusi\u00f3n de las mismas en la presencia en internet de tu negocio.<\/li>\r\n<\/ul>\r\n<p class=\"margin_bottom_20\"><strong class=\"color_purple\">Rango de Precio: <\/strong>Entre 1050 euros a 2500 euros anuales<\/p>\r\n<p><strong class=\"color_purple\">Importe m\u00e1ximo cubierto por la ayuda: 2.000 euros<\/strong><\/p>\r\n<\/div>\r\n<img class=\"kit-digital-categorias-imagen\" src=\"https:\/\/consulta-europa.com\/wp-content\/uploads\/kit-categorias-rec.png\" alt=\"\" \/><\/div>\r\n<\/div>\r\n<\/div>\r\n<a class=\"purple_button kit-digital-categorias-info-button\" href=\"https:\/\/consulta-europa.com\/es\/kit-digital\/#formulario_contacto\">Solicitar informaci\u00f3n<\/a><\/div>\r\n<div class=\"top_lines_container width_100\">\r\n<div class=\"top_line\">\u00a0<\/div>\r\n<div class=\"top_line\">\u00a0<\/div>\r\n<div class=\"top_line\">\u00a0<\/div>\r\n<\/div>\r\n<div class=\"kit-digital-faq kit-digital-boxed paddingY_25\">\r\n<div class=\"kit-digital-faq-accordion padding_30\">\r\n<h2 class=\"text_bold margin_bottom_20\">Preguntas frecuentes &#8211; FAQs<\/h2>\r\n<div class=\"kit-accordion\"><!--<span class=\"target-fix\" id=\"accordion\"><\/span>-->\r\n<div><span id=\"accordion1\" class=\"target-fix\"><\/span> <a id=\"open-accordion1\" title=\"open\" href=\"#accordion1\">\u00bfCu\u00e1ndo se puede pedir el Kit Digital?<\/a> <a id=\"close-accordion1\" title=\"close\" href=\"#accordion\">\u00bfCu\u00e1ndo se puede pedir el Kit Digital?<\/a>\r\n<div class=\"accordion-content\">\r\n<p>Todas las convocatorias del Kit Digital ya est\u00e1n abiertas.<\/p>\r\n<p>Las empresas del Segmento I pueden solicitar el Bono Digital desde el 15 de marzo. Las pymes del Segmento II pueden solicitarlo desde el 2 de septiembre y las peque\u00f1as y medianas empresas del Segmento III pueden solicitar su Bono desde el de octubre.<\/p>\r\n<\/div>\r\n<\/div>\r\n<div><span id=\"accordion2\" class=\"target-fix\"><\/span> <a id=\"open-accordion2\" title=\"open\" href=\"#accordion2\">\u00bfQu\u00e9 es Acelera Pyme?<\/a> <a id=\"close-accordion2\" title=\"close\" href=\"#accordion\">\u00bfQu\u00e9 es Acelera Pyme?<\/a>\r\n<div class=\"accordion-content\">\r\n<p>El Programa Acelera pyme es la iniciativa del Ministerio de Asuntos Econ\u00f3micos y Transformaci\u00f3n Digital destinada a construir el ecosistema de referencia de la transformaci\u00f3n digital de las pymes.<\/p>\r\n<p>Est\u00e1 desarrollado por Red.es, entidad dependiente de la Secretar\u00eda de Estado de Digitalizaci\u00f3n e Inteligencia Artificial, y se enmarca en el Plan de Digitalizaci\u00f3n de Pymes 2021 \u2013 2025, que cuenta con m\u00e1s de 4.000 millones de euros de presupuesto.<\/p>\r\n<p>Ver m\u00e1s en: <a href=\"https:\/\/www.acelerapyme.gob.es\/sobre-acelerapyme\" target=\"_blank\" rel=\"noopener\">https:\/\/www.acelerapyme.gob.es\/sobre-acelerapyme<\/a><\/p>\r\n<\/div>\r\n<\/div>\r\n<div><span id=\"accordion3\" class=\"target-fix\"><\/span> <a id=\"open-accordion3\" title=\"open\" href=\"#accordion3\">\u00bfPuedo sobrepasar los importes m\u00e1ximos contemplados en el programa?<\/a> <a id=\"close-accordion3\" title=\"close\" href=\"#accordion\">\u00bfPuedo sobrepasar los importes m\u00e1ximos contemplados en el programa?<\/a>\r\n<div class=\"accordion-content\">\r\n<p>El art\u00edculo 17.3 indica: &#8220;El importe de las subvenciones en ning\u00fan caso podr\u00e1 ser de tal cuant\u00eda que, aisladamente o en concurrencia con otros ingresos o recursos, supere el coste de la actividad subvencionada&#8221;.<\/p>\r\n<p>Leer en las bases reguladoras en: <a href=\"https:\/\/www.boe.es\/buscar\/doc.php?id=BOE-A-2021-21873\" target=\"_blank\" rel=\"noopener\">https:\/\/www.boe.es\/buscar\/doc.php?id=BOE-A-2021-21873<\/a><\/p>\r\n<\/div>\r\n<\/div>\r\n<div><span id=\"accordion4\" class=\"target-fix\"><\/span> <a id=\"open-accordion4\" title=\"open\" href=\"#accordion4\">\u00bfCu\u00e1ntos servicios puedo contratar con el Bono Digital?<\/a> <a id=\"close-accordion4\" title=\"close\" href=\"#accordion\">\u00bfCu\u00e1ntos servicios puedo contratar con el Bono Digital?<\/a>\r\n<div class=\"accordion-content\">\r\n<p>Todos los que necesites, siempre y cuando no supere el importe m\u00e1ximo del bono digital (como tambi\u00e9n se le conoce) que var\u00eda por beneficiario seg\u00fan convocatoria.<\/p>\r\n<\/div>\r\n<\/div>\r\n<\/div>\r\n<\/div>\r\n<\/div>\r\n<div class=\"kit-digital-test-container\">\r\n<div class=\"kit-digital-convocatorias-container-inner text-center\">\r\n<h2 class=\"text_bold color_purple\">\u00bfQuieres conocer el grado de digitalizaci\u00f3n de tu negocio?<\/h2>\r\n<p>Realiza el test de autodiagn\u00f3stico para evaluar el nivel de madurez digital de tu negocio y el nivel de tus competencias digitales.<\/p>\r\n<a class=\"green_button\" href=\"https:\/\/nuevo.acelerapyme.gob.es\/quieres-conocer-el-grado-de-digitalizacion-de-tu-pyme\" target=\"_blank\" rel=\"noopener\">\u00a1Me interesa hacer el test!<\/a><\/div>\r\n<\/div>\r\n<div id=\"formulario_contacto\" class=\"kit-digital-formulario kit-digital-boxed paddingY_25\">\r\n<div class=\"kit-digital-faq-accordion\">\r\n<h2 class=\"text_bold color_purple margin_bottom_20\">\u00a1Digitaliza tu empresa con nosotros!<\/h2>\r\n<\/div>\r\n<\/div>\r\n<\/div>\r\n\r\n\r\n<div class=\"wpforms-container wpforms-container-full wpf-center\" id=\"wpforms-23395\"><form id=\"wpforms-form-23395\" class=\"wpforms-validate wpforms-form wpforms-ajax-form\" data-formid=\"23395\" method=\"post\" enctype=\"multipart\/form-data\" action=\"\/es\/wp-json\/wp\/v2\/pages\/23294\" data-token=\"29c26cd64262e621de3d1c15ffffb46a\" data-token-time=\"1776403748\"><noscript class=\"wpforms-error-noscript\">Por favor, activa JavaScript en tu navegador para completar este formulario.<\/noscript><div class=\"wpforms-field-container\"><div id=\"wpforms-23395-field_1-container\" class=\"wpforms-field wpforms-field-text wpforms-one-half wpforms-first\" data-field-id=\"1\"><label class=\"wpforms-field-label\" for=\"wpforms-23395-field_1\">Nombre: <span class=\"wpforms-required-label\">*<\/span><\/label><input type=\"text\" id=\"wpforms-23395-field_1\" class=\"wpforms-field-medium wpforms-field-required\" name=\"wpforms[fields][1]\" placeholder=\"Indique su nombre\" required><\/div><div id=\"wpforms-23395-field_5-container\" class=\"wpforms-field wpforms-field-number wpforms-one-half\" data-field-id=\"5\"><label class=\"wpforms-field-label\" for=\"wpforms-23395-field_5\">Tel\u00e9fono de contacto: <span class=\"wpforms-required-label\">*<\/span><\/label><input type=\"number\" id=\"wpforms-23395-field_5\" class=\"wpforms-field-medium wpforms-field-required\" name=\"wpforms[fields][5]\" placeholder=\"Indicar tel\u00e9fono\" required><\/div><div id=\"wpforms-23395-field_3-container\" class=\"wpforms-field wpforms-field-text wpforms-one-half wpforms-first\" data-field-id=\"3\"><label class=\"wpforms-field-label\" for=\"wpforms-23395-field_3\">Empresa: <span class=\"wpforms-required-label\">*<\/span><\/label><input type=\"text\" id=\"wpforms-23395-field_3\" class=\"wpforms-field-medium wpforms-field-required\" name=\"wpforms[fields][3]\" placeholder=\"Nombre de empresa\" required><\/div><div id=\"wpforms-23395-field_6-container\" class=\"wpforms-field wpforms-field-email wpforms-one-half\" data-field-id=\"6\"><label class=\"wpforms-field-label\" for=\"wpforms-23395-field_6\">Correo electr\u00f3nico: <span class=\"wpforms-required-label\">*<\/span><\/label><input type=\"email\" id=\"wpforms-23395-field_6\" class=\"wpforms-field-medium wpforms-field-required\" name=\"wpforms[fields][6]\" placeholder=\"Correo electr\u00f3nico\" spellcheck=\"false\" required><\/div><div id=\"wpforms-23395-field_7-container\" class=\"wpforms-field wpforms-field-radio wpforms-one-half wpforms-first\" data-field-id=\"7\"><label class=\"wpforms-field-label\">N\u00famero de empleados:  <span class=\"wpforms-required-label\">*<\/span><\/label><ul id=\"wpforms-23395-field_7\" class=\"wpforms-field-required\"><li class=\"choice-1 depth-1\"><input type=\"radio\" id=\"wpforms-23395-field_7_1\" name=\"wpforms[fields][7]\" value=\"De 0 a menos de 3 (0 &lt; 3)\" required ><label class=\"wpforms-field-label-inline\" for=\"wpforms-23395-field_7_1\">De 0 a menos de 3 (0 &lt; 3)<\/label><\/li><li class=\"choice-3 depth-1\"><input type=\"radio\" id=\"wpforms-23395-field_7_3\" name=\"wpforms[fields][7]\" value=\"De 3 a menos de 10 (3 &lt; 10)\" required ><label class=\"wpforms-field-label-inline\" for=\"wpforms-23395-field_7_3\">De 3 a menos de 10 (3 &lt; 10)<\/label><\/li><li class=\"choice-2 depth-1\"><input type=\"radio\" id=\"wpforms-23395-field_7_2\" name=\"wpforms[fields][7]\" value=\"De 10 a menos de 50 (10 &lt; 50)\" required ><label class=\"wpforms-field-label-inline\" for=\"wpforms-23395-field_7_2\">De 10 a menos de 50 (10 &lt; 50)<\/label><\/li><\/ul><\/div><div id=\"wpforms-23395-field_8-container\" class=\"wpforms-field wpforms-field-select wpforms-one-half wpforms-field-select-style-modern\" data-field-id=\"8\"><label class=\"wpforms-field-label\" for=\"wpforms-23395-field_8\">Soluciones digitales: <span class=\"wpforms-required-label\">*<\/span><\/label><select id=\"wpforms-23395-field_8\" class=\"wpforms-field-medium wpforms-field-required choicesjs-select\" data-size-class=\"wpforms-field-row wpforms-field-medium\" data-search-enabled=\"\" name=\"wpforms[fields][8]\" required=\"required\"><option value=\"\" class=\"placeholder\" disabled  selected='selected'>Dise\u00f1o Web<\/option><option value=\"Dise\u00f1o Web\" >Dise\u00f1o Web<\/option><option value=\"Comercio electr\u00f3nico\" >Comercio electr\u00f3nico<\/option><option value=\"Gesti\u00f3n de Redes Sociales\" >Gesti\u00f3n de Redes Sociales<\/option><option value=\"Marketplace\" >Marketplace<\/option><option value=\"Presencia avanzada en internet\" >Presencia avanzada en internet<\/option><\/select><\/div><div id=\"wpforms-23395-field_9-container\" class=\"wpforms-field wpforms-field-text\" data-field-id=\"9\"><label class=\"wpforms-field-label\" for=\"wpforms-23395-field_9\">Sector:<\/label><input type=\"text\" id=\"wpforms-23395-field_9\" class=\"wpforms-field-large\" name=\"wpforms[fields][9]\" placeholder=\"Indicar sector\" ><\/div><div id=\"wpforms-23395-field_10-container\" class=\"wpforms-field wpforms-field-radio wpforms-one-half wpforms-first\" data-field-id=\"10\"><label class=\"wpforms-field-label\">Solicito su autorizaci\u00f3n para ofrecerle productos y servicios. <span class=\"wpforms-required-label\">*<\/span><\/label><ul id=\"wpforms-23395-field_10\" class=\"wpforms-field-required\"><li class=\"choice-1 depth-1\"><input type=\"radio\" id=\"wpforms-23395-field_10_1\" name=\"wpforms[fields][10]\" value=\"S\u00cd, autorizo el env\u00edo de comunicaciones.\" required ><label class=\"wpforms-field-label-inline\" for=\"wpforms-23395-field_10_1\">S\u00cd, autorizo el env\u00edo de comunicaciones.<\/label><\/li><li class=\"choice-2 depth-1\"><input type=\"radio\" id=\"wpforms-23395-field_10_2\" name=\"wpforms[fields][10]\" value=\"NO, autorizo el env\u00edo de comunicaciones.\" required ><label class=\"wpforms-field-label-inline\" for=\"wpforms-23395-field_10_2\">NO, autorizo el env\u00edo de comunicaciones.<\/label><\/li><\/ul><\/div><div id=\"wpforms-23395-field_11-container\" class=\"wpforms-field wpforms-field-radio wpforms-one-half wpforms-first\" data-field-id=\"11\"><label class=\"wpforms-field-label wpforms-label-hide\">Acepto pol\u00edtica de privacidad <span class=\"wpforms-required-label\">*<\/span><\/label><ul id=\"wpforms-23395-field_11\" class=\"wpforms-field-required\"><li class=\"choice-1 depth-1\"><input type=\"radio\" id=\"wpforms-23395-field_11_1\" name=\"wpforms[fields][11]\" value=\"ENTIENDO Y ACEPTO la &lt;a class=&quot;purple_color text_bold&quot; href=&quot;https:\/\/consulta-europa.com\/es\/privacy\/&quot; target=&quot;_blank&quot;&gt;Pol\u00edtica de privacidad*&lt;\/a&gt;\" required ><label class=\"wpforms-field-label-inline\" for=\"wpforms-23395-field_11_1\">ENTIENDO Y ACEPTO la <a class=\"purple_color text_bold\" href=\"https:\/\/consulta-europa.com\/es\/privacy\/\" target=\"_blank\">Pol\u00edtica de privacidad*<\/a><\/label><\/li><\/ul><\/div><\/div><!-- .wpforms-field-container --><div class=\"wpforms-submit-container\" ><input type=\"hidden\" name=\"wpforms[id]\" value=\"23395\"><input type=\"hidden\" name=\"page_title\" value=\"\"><input type=\"hidden\" name=\"page_url\" value=\"https:\/\/consulta-europa.com\/es\/wp-json\/wp\/v2\/pages\/23294\"><button type=\"submit\" name=\"wpforms[submit]\" id=\"wpforms-submit-23395\" class=\"wpforms-submit\" data-alt-text=\"Enviando...\" data-submit-text=\"Solicitar ayuda\" aria-live=\"assertive\" value=\"wpforms-submit\">Solicitar ayuda<\/button><img src=\"https:\/\/consulta-europa.com\/wp-content\/plugins\/wpforms-lite\/assets\/images\/submit-spin.svg\" class=\"wpforms-submit-spinner\" style=\"display: none;\" width=\"26\" height=\"26\" alt=\"Cargando\"><\/div><\/form><\/div>  <!-- .wpforms-container -->\n","protected":false},"excerpt":{"rendered":"<p>Programa Kit Digital Ayudas para la digitalizaci\u00f3n de Pymes y Aut\u00f3nomos100% Subvencionado. \u00a1Consultado con nosotros! Actualmente estamos en proceso de de acreditaci\u00f3n como agentes digitalizadores autorizados por el Ministerio de Asuntos Econ\u00f3micos y Transformaci\u00f3n Digital. \u00a1Quiero digitalizar mi negocio! m\u00e1s informaci\u00f3n Conoce las convocatorias: 01 Segmento Dirigida a Pymes de entre 10 y 49 trabajadores [&hellip;]<\/p>\n","protected":false},"author":2,"featured_media":0,"parent":0,"menu_order":0,"comment_status":"closed","ping_status":"closed","template":"","meta":{"inline_featured_image":false,"_FSMCFIC_featured_image_caption":"","_FSMCFIC_featured_image_nocaption":"","_FSMCFIC_featured_image_hide":""},"acf":[],"_links":{"self":[{"href":"https:\/\/consulta-europa.com\/es\/wp-json\/wp\/v2\/pages\/23294"}],"collection":[{"href":"https:\/\/consulta-europa.com\/es\/wp-json\/wp\/v2\/pages"}],"about":[{"href":"https:\/\/consulta-europa.com\/es\/wp-json\/wp\/v2\/types\/page"}],"author":[{"embeddable":true,"href":"https:\/\/consulta-europa.com\/es\/wp-json\/wp\/v2\/users\/2"}],"replies":[{"embeddable":true,"href":"https:\/\/consulta-europa.com\/es\/wp-json\/wp\/v2\/comments?post=23294"}],"version-history":[{"count":56,"href":"https:\/\/consulta-europa.com\/es\/wp-json\/wp\/v2\/pages\/23294\/revisions"}],"predecessor-version":[{"id":24359,"href":"https:\/\/consulta-europa.com\/es\/wp-json\/wp\/v2\/pages\/23294\/revisions\/24359"}],"wp:attachment":[{"href":"https:\/\/consulta-europa.com\/es\/wp-json\/wp\/v2\/media?parent=23294"}],"curies":[{"name":"wp","href":"https:\/\/api.w.org\/{rel}","templated":true}]}}