{"id":20125,"date":"2021-09-14T08:29:05","date_gmt":"2021-09-14T08:29:05","guid":{"rendered":"https:\/\/consulta-europa.com\/?page_id=20125"},"modified":"2021-12-18T21:15:42","modified_gmt":"2021-12-18T21:15:42","slug":"politica-de-gestion-de-la-calidad","status":"publish","type":"page","link":"https:\/\/consulta-europa.com\/es\/politica-de-gestion-de-la-calidad\/","title":{"rendered":"POL\u00cdTICA DE GESTI\u00d3N DE LA CALIDAD"},"content":{"rendered":"\n<h2 class=\"has-text-align-center\">POL\u00cdTICA&nbsp;DE&nbsp;GESTI\u00d3N&nbsp;DE&nbsp;LA&nbsp;CALIDAD<\/h2>\n\n\n\n<div style=\"height:25px\" aria-hidden=\"true\" class=\"wp-block-spacer\"><\/div>\n\n\n\n<p><strong>CONSULTA<\/strong><strong>&nbsp;<\/strong><strong>EUROPA<\/strong><strong>&nbsp;<\/strong><strong>PROJECTS<\/strong><strong>&nbsp;&amp;&nbsp;<\/strong><strong>INNOVATION,<\/strong>&nbsp;desea&nbsp;seguir&nbsp;manteniendo&nbsp;una&nbsp;pol\u00edtica&nbsp;integrada&nbsp;en&nbsp;permanente&nbsp;renovaci\u00f3n,&nbsp;con&nbsp;el&nbsp;prop\u00f3sito&nbsp;de&nbsp;que&nbsp;la&nbsp;mejora&nbsp;continua&nbsp;se&nbsp;refleje&nbsp;en&nbsp;un&nbsp;aumento&nbsp;de&nbsp;la&nbsp;satisfacci\u00f3n&nbsp;de&nbsp;nuestros&nbsp;clientes. La&nbsp;<strong>Pol\u00edtica de Gesti\u00f3n de Calidad ha sido adecuada a las actividades desarrolladas por CONSULTA&nbsp;EUROPA&nbsp;PROJECTS &amp;&nbsp;INNOVATION:<\/strong><\/p>\n\n\n\n<p><strong>Consultor\u00eda&nbsp;especializada&nbsp;en&nbsp;proyectos&nbsp;de&nbsp;innovaci\u00f3n&nbsp;y&nbsp;educaci\u00f3n<\/strong><strong><\/strong><\/p>\n\n\n\n<p><strong>CONSULTA<\/strong><strong>&nbsp;<\/strong><strong>EUROPA<\/strong><strong>&nbsp;<\/strong><strong>PROJECTS<\/strong><strong>&nbsp;&amp;&nbsp;<\/strong><strong>INNOVATION<\/strong>&nbsp;tiene&nbsp;como&nbsp;meta&nbsp;fundamental&nbsp;el&nbsp;conseguir&nbsp;la&nbsp;m\u00e1xima&nbsp;satisfacci\u00f3n&nbsp;del&nbsp;cliente,&nbsp;mediante&nbsp;servicios&nbsp;que&nbsp;satisfagan&nbsp;sus&nbsp;requisitos&nbsp;y&nbsp;expectativas,&nbsp;con&nbsp;el&nbsp;compromiso&nbsp;de&nbsp;cumplimiento&nbsp;de&nbsp;los&nbsp;requisitos&nbsp;del&nbsp;cliente,&nbsp;la,&nbsp;cumplimiento&nbsp;de&nbsp;requisitos&nbsp;legales&nbsp;y&nbsp;reglamentarios&nbsp;aplicables,&nbsp;y&nbsp;de&nbsp;mejorar&nbsp;continuamente&nbsp;la&nbsp;eficacia&nbsp;del&nbsp;Sistema&nbsp;de&nbsp;Gesti\u00f3n.<\/p>\n\n\n\n<p>Con&nbsp;la&nbsp;finalidad&nbsp;de&nbsp;lograr&nbsp;este&nbsp;objetivo,&nbsp;ofrecemos&nbsp;la&nbsp;<strong>excelencia<\/strong><strong>&nbsp;<\/strong><strong>de<\/strong><strong>&nbsp;<\/strong><strong>nuestros<\/strong><strong>&nbsp;<\/strong><strong>productos<\/strong><strong>&nbsp;<\/strong><strong>y<\/strong><strong>&nbsp;<\/strong><strong>servicios<\/strong><strong>&nbsp;<\/strong><strong>basados<\/strong><strong>&nbsp;<\/strong><strong>en<\/strong><strong>&nbsp;los&nbsp;requisitos&nbsp;de&nbsp;la&nbsp;norma&nbsp;ISO&nbsp;9001:2015<\/strong>,&nbsp;y&nbsp;el&nbsp;cumplimiento&nbsp;de&nbsp;los&nbsp;objetivos&nbsp;de&nbsp;gesti\u00f3n&nbsp;marcados,&nbsp;garantizando&nbsp;nuestros&nbsp;servicios&nbsp;y&nbsp;responsabiliz\u00e1ndonos&nbsp;del&nbsp;trabajo&nbsp;desarrollado.&nbsp;Para&nbsp;alcanzar&nbsp;estas&nbsp;metas,&nbsp;el&nbsp;personal&nbsp;de&nbsp;nuestra&nbsp;organizaci\u00f3n&nbsp;es&nbsp;consciente&nbsp;de&nbsp;la&nbsp;necesidad&nbsp;de:<\/p>\n\n\n\n<p>&#8211;&nbsp;Identificar&nbsp;y&nbsp;analizar&nbsp;el&nbsp;contexto&nbsp;de&nbsp;la&nbsp;Organizaci\u00f3n.<\/p>\n\n\n\n<p>&#8211;&nbsp;Entender&nbsp;y&nbsp;satisfacer&nbsp;las&nbsp;necesidades&nbsp;de&nbsp;las&nbsp;partes&nbsp;interesadas&nbsp;en&nbsp;la&nbsp;Organizaci\u00f3n.<\/p>\n\n\n\n<p>&#8211;&nbsp;&nbsp;Entender&nbsp;y&nbsp;satisfacer&nbsp;las&nbsp;necesidades&nbsp;de&nbsp;nuestros&nbsp;clientes,&nbsp;haciendo&nbsp;un&nbsp;seguimiento&nbsp;de&nbsp;los&nbsp;trabajos&nbsp;desde&nbsp;su&nbsp;inicio.<\/p>\n\n\n\n<p>&#8211;&nbsp;&nbsp;Establecer&nbsp;la&nbsp;gesti\u00f3n&nbsp;por&nbsp;procesos&nbsp;como&nbsp;medio&nbsp;de&nbsp;gesti\u00f3n&nbsp;de&nbsp;los&nbsp;servicios&nbsp;prestados&nbsp;y&nbsp;el&nbsp;sistema&nbsp;de&nbsp;gesti\u00f3n.&nbsp;Identificando&nbsp;y&nbsp;gestionando&nbsp;los&nbsp;riesgos&nbsp;y&nbsp;oportunidades&nbsp;relacionados&nbsp;con&nbsp;los&nbsp;procesos.<\/p>\n\n\n\n<p>&#8211;&nbsp;&nbsp;Cumplir&nbsp;con&nbsp;los&nbsp;requisitos&nbsp;legales&nbsp;y&nbsp;reglamentarios&nbsp;aplicables,&nbsp;ya&nbsp;sean&nbsp;estos&nbsp;legales,&nbsp;contractuales&nbsp;o&nbsp;de otra \u00edndole,&nbsp;que&nbsp;nos&nbsp;sean&nbsp;aplicables&nbsp;en&nbsp;raz\u00f3n&nbsp;de&nbsp;nuestra&nbsp;actividad.<\/p>\n\n\n\n<p>&#8211;&nbsp;&nbsp;Realizar&nbsp;los&nbsp;trabajos&nbsp;con&nbsp;la&nbsp;mayor&nbsp;eficiencia&nbsp;posible.<\/p>\n\n\n\n<p>&#8211;&nbsp;Fomentar&nbsp;la&nbsp;mejora&nbsp;continua&nbsp;en&nbsp;el&nbsp;desarrollo&nbsp;de&nbsp;los&nbsp;trabajos&nbsp;y&nbsp;el&nbsp;control&nbsp;de&nbsp;los&nbsp;mismos.<\/p>\n\n\n\n<p>&#8211;&nbsp;Formar,&nbsp;motivar&nbsp;e&nbsp;implicar&nbsp;al&nbsp;personal&nbsp;afectado&nbsp;en&nbsp;la&nbsp;gesti\u00f3n&nbsp;Sistema&nbsp;de&nbsp;Calidad.<\/p>\n\n\n\n<p>&#8211;&nbsp;Aportar&nbsp;los&nbsp;recursos&nbsp;necesarios&nbsp;para&nbsp;garantizar&nbsp;el&nbsp;correcto&nbsp;desempe\u00f1o&nbsp;del&nbsp;Sistema&nbsp;de&nbsp;Gesti\u00f3n&nbsp;implantado&nbsp;y&nbsp;lograr&nbsp;la&nbsp;conformidad&nbsp;del&nbsp;servicio\/producto.<\/p>\n\n\n\n<p>&#8211;&nbsp;Detectar&nbsp;r\u00e1pidamente&nbsp;los&nbsp;defectos&nbsp;y&nbsp;tomar&nbsp;las&nbsp;medidas&nbsp;necesarias&nbsp;para&nbsp;paliar&nbsp;las&nbsp;consecuencias&nbsp;de&nbsp;los&nbsp;mismos&nbsp;y&nbsp;evitar&nbsp;su&nbsp;repetici\u00f3n.<\/p>\n\n\n\n<p>&#8211;&nbsp;Establecer&nbsp;acciones&nbsp;y&nbsp;programas&nbsp;orientados&nbsp;a&nbsp;la&nbsp;prevenci\u00f3n&nbsp;de&nbsp;defectos\/incidencias,&nbsp;mediante&nbsp;la&nbsp;gesti\u00f3n&nbsp;de&nbsp;riesgos.<\/p>\n\n\n\n<p>&#8211;&nbsp;Establecer&nbsp;sistemas&nbsp;para&nbsp;conocer&nbsp;y&nbsp;medir&nbsp;las&nbsp;necesidades&nbsp;de&nbsp;los&nbsp;clientes&nbsp;y&nbsp;as\u00ed&nbsp;aumentar&nbsp;su&nbsp;grado&nbsp;de&nbsp;satisfacci\u00f3n&nbsp;con&nbsp;los&nbsp;servicios&nbsp;de&nbsp;CONSULTA&nbsp;EUROPA&nbsp;PROJECTS&nbsp;&amp;&nbsp;INNOVATION.<\/p>\n\n\n\n<p>&#8211;&nbsp;Planificar y desarrollar actividades para la mejora continua de los servicios y los procesos. As\u00ed como&nbsp;planificar y mejorar nuestros procesos, aprobando e impulsando objetivos y metas de calidad&nbsp;gradualmente&nbsp;m\u00e1s&nbsp;ambiciosos,&nbsp;e&nbsp;identificando&nbsp;\u00e1reas&nbsp;de&nbsp;mejora&nbsp;para&nbsp;ser&nbsp;cada&nbsp;d\u00eda&nbsp;m\u00e1s&nbsp;competitivos,&nbsp;en&nbsp;el&nbsp;marco&nbsp;de&nbsp;un&nbsp;ciclo&nbsp;de&nbsp;mejora&nbsp;continua.<\/p>\n\n\n\n<p><strong>Mediante<\/strong><strong>&nbsp;<\/strong><strong>la<\/strong><strong>&nbsp;<\/strong><strong>mejora<\/strong><strong>&nbsp;<\/strong><strong>continua<\/strong><strong>&nbsp;<\/strong><strong>en<\/strong><strong>&nbsp;<\/strong><strong>todos<\/strong><strong>&nbsp;<\/strong><strong>los<\/strong><strong>&nbsp;<\/strong><strong>procesos<\/strong><strong>&nbsp;<\/strong><strong>de<\/strong><strong>&nbsp;<\/strong><strong>la<\/strong><strong>&nbsp;<\/strong><strong>organizaci\u00f3n,<\/strong><strong>&nbsp;<\/strong><strong>cumplimos<\/strong><strong>&nbsp;<\/strong><strong>el<\/strong><strong>&nbsp;<\/strong><strong>objetivo<\/strong><strong>&nbsp;<\/strong><strong>estrat\u00e9gico<\/strong><strong>&nbsp;<\/strong><strong>de<\/strong><strong>&nbsp;<\/strong><strong>la<\/strong><strong>&nbsp;misma,<\/strong><strong>&nbsp;<\/strong><strong>que<\/strong><strong>&nbsp;<\/strong><strong>se<\/strong><strong>&nbsp;<\/strong><strong>basa<\/strong><strong>&nbsp;<\/strong><strong>en<\/strong><strong>&nbsp;<\/strong><strong>la<\/strong><strong>&nbsp;<\/strong><strong>consecuci\u00f3n<\/strong><strong>&nbsp;<\/strong><strong>de<\/strong><strong>&nbsp;<\/strong><strong>la<\/strong><strong>&nbsp;<\/strong><strong>satisfacci\u00f3n<\/strong><strong>&nbsp;<\/strong><strong>de<\/strong><strong>&nbsp;<\/strong><strong>nuestros<\/strong><strong>&nbsp;<\/strong><strong>clientes<\/strong><strong>&nbsp;<\/strong><strong>optimizando<\/strong><strong>&nbsp;<\/strong><strong>la<\/strong><strong>&nbsp;<\/strong><strong>relaci\u00f3n<\/strong><strong>&nbsp;<\/strong><strong>\u201ccoste<\/strong><strong>&nbsp;<\/strong><strong>\/&nbsp;eficacia\u201d<\/strong>. Esta mejora continua se aplica a todo nuestro \u00e1mbito de actuaci\u00f3n, y se basa en la organizaci\u00f3n,&nbsp;planificaci\u00f3n, agilidad y capacidad de respuesta, y es el marco de referencia para establecer y revisar los&nbsp;objetivos&nbsp;medibles&nbsp;de&nbsp;calidad.<\/p>\n\n\n\n<p>Para&nbsp;que&nbsp;todas&nbsp;las&nbsp;personas&nbsp;de&nbsp;la&nbsp;organizaci\u00f3n&nbsp;(en&nbsp;todos&nbsp;los&nbsp;niveles)&nbsp;que&nbsp;influyen&nbsp;en&nbsp;la&nbsp;calidad&nbsp;conozcan&nbsp;la&nbsp;pol\u00edtica y los objetivos, se distribuyen los documentos que aplican a cada nivel en los distintos puestos de&nbsp;trabajo.<\/p>\n\n\n\n<p>La&nbsp;Direcci\u00f3n,&nbsp;por&nbsp;su&nbsp;parte,&nbsp;asume&nbsp;el&nbsp;compromiso&nbsp;y&nbsp;las&nbsp;responsabilidades&nbsp;que,&nbsp;en&nbsp;el&nbsp;desarrollo&nbsp;de&nbsp;esta&nbsp;pol\u00edtica&nbsp;de&nbsp;gesti\u00f3n,&nbsp;son&nbsp;de&nbsp;su&nbsp;competencia.<\/p>\n\n\n\n<div class=\"wp-block-file\"><a href=\"https:\/\/consulta-europa.com\/wp-content\/uploads\/CE_POLITICA-DE-GESTION-DE-LA-CALIDAD.pdf\" target=\"_blank\" rel=\"noreferrer noopener\">CE_POL\u00cdTICA DE GESTI\u00d3N DE LA CALIDAD<\/a><a href=\"https:\/\/consulta-europa.com\/wp-content\/uploads\/CE_POLITICA-DE-GESTION-DE-LA-CALIDAD.pdf\" class=\"wp-block-file__button\" download>Download<\/a><\/div>\n\n\n\n<div class=\"wp-block-file\"><a href=\"https:\/\/consulta-europa.com\/wp-content\/uploads\/CertificadoER-0534-2021_ES_2021-10-26.pdf\" target=\"_blank\" rel=\"noreferrer noopener\">CERTIFICADO ISO 9001<\/a><a href=\"https:\/\/consulta-europa.com\/wp-content\/uploads\/CertificadoER-0534-2021_ES_2021-10-26.pdf\" class=\"wp-block-file__button\" download>Download<\/a><\/div>\n\n\n\n<div class=\"wp-block-file\"><a href=\"https:\/\/consulta-europa.com\/wp-content\/uploads\/Diploma_Consulta-Europa-1.pdf\" target=\"_blank\" rel=\"noreferrer noopener\">Download EFQM diploma<\/a><a href=\"https:\/\/consulta-europa.com\/wp-content\/uploads\/Diploma_Consulta-Europa-1.pdf\" class=\"wp-block-file__button\" download>Download<\/a><\/div>\n\n\n\n<div class=\"wp-block-file\"><a href=\"https:\/\/consulta-europa.com\/wp-content\/uploads\/LOE03-Consulta-Europa.pdf\" target=\"_blank\" rel=\"noreferrer noopener\">Download EFQM quality recognition<\/a><a href=\"https:\/\/consulta-europa.com\/wp-content\/uploads\/LOE03-Consulta-Europa.pdf\" class=\"wp-block-file__button\" download>Download<\/a><\/div>\n\n\n\n<p><\/p>\n","protected":false},"excerpt":{"rendered":"<p>POL\u00cdTICA&nbsp;DE&nbsp;GESTI\u00d3N&nbsp;DE&nbsp;LA&nbsp;CALIDAD CONSULTA&nbsp;EUROPA&nbsp;PROJECTS&nbsp;&amp;&nbsp;INNOVATION,&nbsp;desea&nbsp;seguir&nbsp;manteniendo&nbsp;una&nbsp;pol\u00edtica&nbsp;integrada&nbsp;en&nbsp;permanente&nbsp;renovaci\u00f3n,&nbsp;con&nbsp;el&nbsp;prop\u00f3sito&nbsp;de&nbsp;que&nbsp;la&nbsp;mejora&nbsp;continua&nbsp;se&nbsp;refleje&nbsp;en&nbsp;un&nbsp;aumento&nbsp;de&nbsp;la&nbsp;satisfacci\u00f3n&nbsp;de&nbsp;nuestros&nbsp;clientes. La&nbsp;Pol\u00edtica de Gesti\u00f3n de Calidad ha sido adecuada a las actividades desarrolladas por CONSULTA&nbsp;EUROPA&nbsp;PROJECTS &amp;&nbsp;INNOVATION: Consultor\u00eda&nbsp;especializada&nbsp;en&nbsp;proyectos&nbsp;de&nbsp;innovaci\u00f3n&nbsp;y&nbsp;educaci\u00f3n CONSULTA&nbsp;EUROPA&nbsp;PROJECTS&nbsp;&amp;&nbsp;INNOVATION&nbsp;tiene&nbsp;como&nbsp;meta&nbsp;fundamental&nbsp;el&nbsp;conseguir&nbsp;la&nbsp;m\u00e1xima&nbsp;satisfacci\u00f3n&nbsp;del&nbsp;cliente,&nbsp;mediante&nbsp;servicios&nbsp;que&nbsp;satisfagan&nbsp;sus&nbsp;requisitos&nbsp;y&nbsp;expectativas,&nbsp;con&nbsp;el&nbsp;compromiso&nbsp;de&nbsp;cumplimiento&nbsp;de&nbsp;los&nbsp;requisitos&nbsp;del&nbsp;cliente,&nbsp;la,&nbsp;cumplimiento&nbsp;de&nbsp;requisitos&nbsp;legales&nbsp;y&nbsp;reglamentarios&nbsp;aplicables,&nbsp;y&nbsp;de&nbsp;mejorar&nbsp;continuamente&nbsp;la&nbsp;eficacia&nbsp;del&nbsp;Sistema&nbsp;de&nbsp;Gesti\u00f3n. Con&nbsp;la&nbsp;finalidad&nbsp;de&nbsp;lograr&nbsp;este&nbsp;objetivo,&nbsp;ofrecemos&nbsp;la&nbsp;excelencia&nbsp;de&nbsp;nuestros&nbsp;productos&nbsp;y&nbsp;servicios&nbsp;basados&nbsp;en&nbsp;los&nbsp;requisitos&nbsp;de&nbsp;la&nbsp;norma&nbsp;ISO&nbsp;9001:2015,&nbsp;y&nbsp;el&nbsp;cumplimiento&nbsp;de&nbsp;los&nbsp;objetivos&nbsp;de&nbsp;gesti\u00f3n&nbsp;marcados,&nbsp;garantizando&nbsp;nuestros&nbsp;servicios&nbsp;y&nbsp;responsabiliz\u00e1ndonos&nbsp;del&nbsp;trabajo&nbsp;desarrollado.&nbsp;Para&nbsp;alcanzar&nbsp;estas&nbsp;metas,&nbsp;el&nbsp;personal&nbsp;de&nbsp;nuestra&nbsp;organizaci\u00f3n&nbsp;es&nbsp;consciente&nbsp;de&nbsp;la&nbsp;necesidad&nbsp;de: &#8211;&nbsp;Identificar&nbsp;y&nbsp;analizar&nbsp;el&nbsp;contexto&nbsp;de&nbsp;la&nbsp;Organizaci\u00f3n. &#8211;&nbsp;Entender&nbsp;y&nbsp;satisfacer&nbsp;las&nbsp;necesidades&nbsp;de&nbsp;las&nbsp;partes&nbsp;interesadas&nbsp;en&nbsp;la&nbsp;Organizaci\u00f3n. &#8211;&nbsp;&nbsp;Entender&nbsp;y&nbsp;satisfacer&nbsp;las&nbsp;necesidades&nbsp;de&nbsp;nuestros&nbsp;clientes,&nbsp;haciendo&nbsp;un&nbsp;seguimiento&nbsp;de&nbsp;los&nbsp;trabajos&nbsp;desde&nbsp;su&nbsp;inicio. &#8211;&nbsp;&nbsp;Establecer&nbsp;la&nbsp;gesti\u00f3n&nbsp;por&nbsp;procesos&nbsp;como&nbsp;medio&nbsp;de&nbsp;gesti\u00f3n&nbsp;de&nbsp;los&nbsp;servicios&nbsp;prestados&nbsp;y&nbsp;el&nbsp;sistema&nbsp;de&nbsp;gesti\u00f3n.&nbsp;Identificando&nbsp;y&nbsp;gestionando&nbsp;los&nbsp;riesgos&nbsp;y&nbsp;oportunidades&nbsp;relacionados&nbsp;con&nbsp;los&nbsp;procesos. &#8211;&nbsp;&nbsp;Cumplir&nbsp;con&nbsp;los&nbsp;requisitos&nbsp;legales&nbsp;y&nbsp;reglamentarios&nbsp;aplicables,&nbsp;ya&nbsp;sean&nbsp;estos&nbsp;legales,&nbsp;contractuales&nbsp;o&nbsp;de otra \u00edndole,&nbsp;que&nbsp;nos&nbsp;sean&nbsp;aplicables&nbsp;en&nbsp;raz\u00f3n&nbsp;de&nbsp;nuestra&nbsp;actividad. &#8211;&nbsp;&nbsp;Realizar&nbsp;los&nbsp;trabajos&nbsp;con&nbsp;la&nbsp;mayor&nbsp;eficiencia&nbsp;posible. &#8211;&nbsp;Fomentar&nbsp;la&nbsp;mejora&nbsp;continua&nbsp;en&nbsp;el&nbsp;desarrollo&nbsp;de&nbsp;los&nbsp;trabajos&nbsp;y&nbsp;el&nbsp;control&nbsp;de&nbsp;los&nbsp;mismos. &#8211;&nbsp;Formar,&nbsp;motivar&nbsp;e&nbsp;implicar&nbsp;al&nbsp;personal&nbsp;afectado&nbsp;en&nbsp;la&nbsp;gesti\u00f3n&nbsp;Sistema&nbsp;de&nbsp;Calidad. &#8211;&nbsp;Aportar&nbsp;los&nbsp;recursos&nbsp;necesarios&nbsp;para&nbsp;garantizar&nbsp;el&nbsp;correcto&nbsp;desempe\u00f1o&nbsp;del&nbsp;Sistema&nbsp;de&nbsp;Gesti\u00f3n&nbsp;implantado&nbsp;y&nbsp;lograr&nbsp;la&nbsp;conformidad&nbsp;del&nbsp;servicio\/producto. &#8211;&nbsp;Detectar&nbsp;r\u00e1pidamente&nbsp;los&nbsp;defectos&nbsp;y&nbsp;tomar&nbsp;las&nbsp;medidas&nbsp;necesarias&nbsp;para&nbsp;paliar&nbsp;las&nbsp;consecuencias&nbsp;de&nbsp;los&nbsp;mismos&nbsp;y&nbsp;evitar&nbsp;su&nbsp;repetici\u00f3n. &#8211;&nbsp;Establecer&nbsp;acciones&nbsp;y&nbsp;programas&nbsp;orientados&nbsp;a&nbsp;la&nbsp;prevenci\u00f3n&nbsp;de&nbsp;defectos\/incidencias,&nbsp;mediante&nbsp;la&nbsp;gesti\u00f3n&nbsp;de&nbsp;riesgos. &#8211;&nbsp;Establecer&nbsp;sistemas&nbsp;para&nbsp;conocer&nbsp;y&nbsp;medir&nbsp;las&nbsp;necesidades&nbsp;de&nbsp;los&nbsp;clientes&nbsp;y&nbsp;as\u00ed&nbsp;aumentar&nbsp;su&nbsp;grado&nbsp;de&nbsp;satisfacci\u00f3n&nbsp;con&nbsp;los&nbsp;servicios&nbsp;de&nbsp;CONSULTA&nbsp;EUROPA&nbsp;PROJECTS&nbsp;&amp;&nbsp;INNOVATION. &#8211;&nbsp;Planificar y desarrollar actividades para la mejora continua de los servicios y los procesos. As\u00ed como&nbsp;planificar y mejorar nuestros procesos, aprobando [&hellip;]<\/p>\n","protected":false},"author":2,"featured_media":24344,"parent":0,"menu_order":0,"comment_status":"closed","ping_status":"closed","template":"","meta":{"inline_featured_image":false,"_FSMCFIC_featured_image_caption":"","_FSMCFIC_featured_image_nocaption":"","_FSMCFIC_featured_image_hide":""},"acf":[],"_links":{"self":[{"href":"https:\/\/consulta-europa.com\/es\/wp-json\/wp\/v2\/pages\/20125"}],"collection":[{"href":"https:\/\/consulta-europa.com\/es\/wp-json\/wp\/v2\/pages"}],"about":[{"href":"https:\/\/consulta-europa.com\/es\/wp-json\/wp\/v2\/types\/page"}],"author":[{"embeddable":true,"href":"https:\/\/consulta-europa.com\/es\/wp-json\/wp\/v2\/users\/2"}],"replies":[{"embeddable":true,"href":"https:\/\/consulta-europa.com\/es\/wp-json\/wp\/v2\/comments?post=20125"}],"version-history":[{"count":7,"href":"https:\/\/consulta-europa.com\/es\/wp-json\/wp\/v2\/pages\/20125\/revisions"}],"predecessor-version":[{"id":20528,"href":"https:\/\/consulta-europa.com\/es\/wp-json\/wp\/v2\/pages\/20125\/revisions\/20528"}],"wp:featuredmedia":[{"embeddable":true,"href":"https:\/\/consulta-europa.com\/es\/wp-json\/wp\/v2\/media\/24344"}],"wp:attachment":[{"href":"https:\/\/consulta-europa.com\/es\/wp-json\/wp\/v2\/media?parent=20125"}],"curies":[{"name":"wp","href":"https:\/\/api.w.org\/{rel}","templated":true}]}}