{"id":17803,"date":"2019-02-11T21:29:32","date_gmt":"2019-02-11T21:29:32","guid":{"rendered":"http:\/\/consulta-europa.com\/cookies\/"},"modified":"2023-01-10T13:09:56","modified_gmt":"2023-01-10T13:09:56","slug":"cookies","status":"publish","type":"page","link":"https:\/\/consulta-europa.com\/es\/cookies\/","title":{"rendered":"Pol\u00edtica de Cookies"},"content":{"rendered":"<h2>Pol\u00edtica de Cookies<\/h2>\n<p>Cookie\u00a0es un fichero que se descarga en su ordenador al acceder a determinadas p\u00e1ginas web. Las cookies permiten a una p\u00e1gina web, entre otras cosas, almacenar y recuperar informaci\u00f3n sobre los h\u00e1bitos de navegaci\u00f3n de un usuario o de su equipo y, dependiendo de la informaci\u00f3n que contengan y de la forma en que utilice su equipo, pueden utilizarse para reconocer al usuario.. El navegador del usuario memoriza cookies en el disco duro solamente durante la sesi\u00f3n actual ocupando un espacio de memoria m\u00ednimo y no perjudicando al ordenador. Las cookies no contienen ninguna clase de informaci\u00f3n personal espec\u00edfica, y la mayor\u00eda de las mismas se borran del disco duro al finalizar la sesi\u00f3n de navegador (las denominadas cookies de sesi\u00f3n).<\/p>\n<p>La mayor\u00eda de los navegadores aceptan como est\u00e1ndar a las cookies y, con independencia de las mismas, permiten o impiden en los ajustes de seguridad las cookies temporales o memorizadas.<\/p>\n<p>Sin su expreso consentimiento, mediante la activaci\u00f3n de las cookies en su navegador, Consulta Europa Projects and Innovation, S.L. no enlazar\u00e1 en las cookies los datos memorizados con sus datos personales proporcionados en el momento del registro o la compra.<\/p>\n<p>El Usuario acepta expresamente, por la utilizaci\u00f3n de este Site,\u00a0el tratamiento de la informaci\u00f3n\u00a0recabada en la forma y con los fines anteriormente mencionados.\u00a0Y asimismo reconoce conocer la posibilidad de rechazar el tratamiento de\u00a0tales datos o informaci\u00f3n\u00a0rechazando el uso de Cookies mediante la selecci\u00f3n de la configuraci\u00f3n apropiada a tal fin en su navegador. Si bien esta opci\u00f3n de bloqueo de Cookies en su navegador puede no permitirle el uso pleno de todas las funcionalidades del Website.<\/p>\n","protected":false},"excerpt":{"rendered":"<p>Pol\u00edtica de Cookies Cookie\u00a0es un fichero que se descarga en su ordenador al acceder a determinadas p\u00e1ginas web. Las cookies permiten a una p\u00e1gina web, entre otras cosas, almacenar y recuperar informaci\u00f3n sobre los h\u00e1bitos de navegaci\u00f3n de un usuario o de su equipo y, dependiendo de la informaci\u00f3n que contengan y de la forma [&hellip;]<\/p>\n","protected":false},"author":1,"featured_media":0,"parent":0,"menu_order":0,"comment_status":"closed","ping_status":"closed","template":"page-legal.php","meta":{"inline_featured_image":false,"_FSMCFIC_featured_image_caption":"","_FSMCFIC_featured_image_nocaption":"","_FSMCFIC_featured_image_hide":""},"acf":[],"_links":{"self":[{"href":"https:\/\/consulta-europa.com\/es\/wp-json\/wp\/v2\/pages\/17803"}],"collection":[{"href":"https:\/\/consulta-europa.com\/es\/wp-json\/wp\/v2\/pages"}],"about":[{"href":"https:\/\/consulta-europa.com\/es\/wp-json\/wp\/v2\/types\/page"}],"author":[{"embeddable":true,"href":"https:\/\/consulta-europa.com\/es\/wp-json\/wp\/v2\/users\/1"}],"replies":[{"embeddable":true,"href":"https:\/\/consulta-europa.com\/es\/wp-json\/wp\/v2\/comments?post=17803"}],"version-history":[{"count":3,"href":"https:\/\/consulta-europa.com\/es\/wp-json\/wp\/v2\/pages\/17803\/revisions"}],"predecessor-version":[{"id":23532,"href":"https:\/\/consulta-europa.com\/es\/wp-json\/wp\/v2\/pages\/17803\/revisions\/23532"}],"wp:attachment":[{"href":"https:\/\/consulta-europa.com\/es\/wp-json\/wp\/v2\/media?parent=17803"}],"curies":[{"name":"wp","href":"https:\/\/api.w.org\/{rel}","templated":true}]}}