{"id":17063,"date":"2019-01-04T09:05:42","date_gmt":"2019-01-04T09:05:42","guid":{"rendered":"http:\/\/consulta-europa.com\/about\/collaborate\/"},"modified":"2019-04-09T12:00:51","modified_gmt":"2019-04-09T12:00:51","slug":"collaborate","status":"publish","type":"page","link":"https:\/\/consulta-europa.com\/es\/about\/collaborate\/","title":{"rendered":"Colabora"},"content":{"rendered":"<h2>Oferta de empleo<\/h2>\n<p>Consulta Europa est\u00e1 buscando un <strong>Gestor\/a administrativo y contable.<\/strong><\/p>\n<p>El Gestor\/a ser\u00e1 responsable de la ejecuci\u00f3n y control de la correcta gesti\u00f3n administrativa, contable y laboral de Consulta Europa. La ubicaci\u00f3n del puesto es en Las Palmas de Gran Canaria.<\/p>\n<p>Las principales tareas del Gestor\/a ser\u00e1n:<\/p>\n<p>&#8211; Elaboraci\u00f3n de presupuestos, notas de gasto y facturas a emitir por Consulta Europa.<br \/>\n&#8211; Recopilar y organizar las facturas de gasto y tickets de Consulta Europa.<br \/>\n&#8211; Preparar la documentaci\u00f3n a entregar trimestralmente a la asesor\u00eda para la liquidaci\u00f3n de IGIC.<br \/>\n&#8211; Recopilar y controlar el registro horario de los empleados\/as.<br \/>\n&#8211; Gestionar con la asesor\u00eda laboral los contratos de los empleados\/as.<br \/>\n&#8211; Efectuar pagos de n\u00f3minas y a proveedores.<br \/>\n&#8211; B\u00fasqueda activa de subvenciones y licitaciones que puedan suponer una oportunidad de crecimiento.<\/p>\n<p>Perfil requerido:<\/p>\n<p>&#8211; Formaci\u00f3n en Administraci\u00f3n y Direcci\u00f3n de Empresa, Gesti\u00f3n Contable o similar.<br \/>\n&#8211; M\u00ednimo un a\u00f1o de experiencia previa en un puesto similar.<br \/>\n&#8211; Buen conocimiento de ingl\u00e9s.<\/p>\n<h2>Colabore con nosotros<\/h2>\n<p>Gracias por su inter\u00e9s. Buscamos nuevos colaboradores peri\u00f3dicamente. Para postularse, env\u00ede su CV a info@consulta-europa.com o complete el formulario en la secci\u00f3n de contacto para obtener informaci\u00f3n sobre oportunidades para colaborar con nuestra empresa.<\/p>\n","protected":false},"excerpt":{"rendered":"<p>Oferta de empleo Consulta Europa est\u00e1 buscando un Gestor\/a administrativo y contable. El Gestor\/a ser\u00e1 responsable de la ejecuci\u00f3n y control de la correcta gesti\u00f3n administrativa, contable y laboral de Consulta Europa. La ubicaci\u00f3n del puesto es en Las Palmas de Gran Canaria. Las principales tareas del Gestor\/a ser\u00e1n: &#8211; Elaboraci\u00f3n de presupuestos, notas de [&hellip;]<\/p>\n","protected":false},"author":1,"featured_media":17998,"parent":16869,"menu_order":0,"comment_status":"closed","ping_status":"closed","template":"","meta":{"inline_featured_image":false,"_FSMCFIC_featured_image_caption":"","_FSMCFIC_featured_image_nocaption":"","_FSMCFIC_featured_image_hide":""},"acf":[],"_links":{"self":[{"href":"https:\/\/consulta-europa.com\/es\/wp-json\/wp\/v2\/pages\/17063"}],"collection":[{"href":"https:\/\/consulta-europa.com\/es\/wp-json\/wp\/v2\/pages"}],"about":[{"href":"https:\/\/consulta-europa.com\/es\/wp-json\/wp\/v2\/types\/page"}],"author":[{"embeddable":true,"href":"https:\/\/consulta-europa.com\/es\/wp-json\/wp\/v2\/users\/1"}],"replies":[{"embeddable":true,"href":"https:\/\/consulta-europa.com\/es\/wp-json\/wp\/v2\/comments?post=17063"}],"version-history":[{"count":7,"href":"https:\/\/consulta-europa.com\/es\/wp-json\/wp\/v2\/pages\/17063\/revisions"}],"predecessor-version":[{"id":18221,"href":"https:\/\/consulta-europa.com\/es\/wp-json\/wp\/v2\/pages\/17063\/revisions\/18221"}],"up":[{"embeddable":true,"href":"https:\/\/consulta-europa.com\/es\/wp-json\/wp\/v2\/pages\/16869"}],"wp:featuredmedia":[{"embeddable":true,"href":"https:\/\/consulta-europa.com\/es\/wp-json\/wp\/v2\/media\/17998"}],"wp:attachment":[{"href":"https:\/\/consulta-europa.com\/es\/wp-json\/wp\/v2\/media?parent=17063"}],"curies":[{"name":"wp","href":"https:\/\/api.w.org\/{rel}","templated":true}]}}