{"id":16878,"date":"2019-01-04T09:06:09","date_gmt":"2019-01-04T09:06:09","guid":{"rendered":"http:\/\/consulta-europa.com\/about\/mission-and-vision\/"},"modified":"2021-04-22T14:12:55","modified_gmt":"2021-04-22T14:12:55","slug":"mission-and-vision","status":"publish","type":"page","link":"https:\/\/consulta-europa.com\/es\/about\/mission-and-vision\/","title":{"rendered":"Misi\u00f3n y Visi\u00f3n"},"content":{"rendered":"<h2 style=\"text-align: center;\">Nuestra misi\u00f3n y visi\u00f3n<\/h2>\n<p>Desarrollamos proyectos de investigaci\u00f3n innovadores y disruptivos que permiten conectar a las<br \/>\norganizaciones con fondos y programas de la Uni\u00f3n Europea. Promovemos el crecimiento equilibrado de la<br \/>\ncomunidad, la econom\u00eda circular y el cuidado del medio ambiente mediante la co-creaci\u00f3n de programas de<br \/>\nimpacto positivo local y global.<\/p>\n<p>Tenemos como visi\u00f3n ser la fuente de generaci\u00f3n de oportunidades que conecta organizaciones de impacto positivo a fondos y programas de la Uni\u00f3n Europea potenciando el desarrollo de la comunidad local y global.<\/p>\n","protected":false},"excerpt":{"rendered":"<p>Nuestra misi\u00f3n y visi\u00f3n Desarrollamos proyectos de investigaci\u00f3n innovadores y disruptivos que permiten conectar a las organizaciones con fondos y programas de la Uni\u00f3n Europea. Promovemos el crecimiento equilibrado de la comunidad, la econom\u00eda circular y el cuidado del medio ambiente mediante la co-creaci\u00f3n de programas de impacto positivo local y global. Tenemos como visi\u00f3n [&hellip;]<\/p>\n","protected":false},"author":1,"featured_media":18036,"parent":16869,"menu_order":0,"comment_status":"closed","ping_status":"closed","template":"page-about-alt.php","meta":{"inline_featured_image":false,"_FSMCFIC_featured_image_caption":"","_FSMCFIC_featured_image_nocaption":"","_FSMCFIC_featured_image_hide":""},"acf":[],"_links":{"self":[{"href":"https:\/\/consulta-europa.com\/es\/wp-json\/wp\/v2\/pages\/16878"}],"collection":[{"href":"https:\/\/consulta-europa.com\/es\/wp-json\/wp\/v2\/pages"}],"about":[{"href":"https:\/\/consulta-europa.com\/es\/wp-json\/wp\/v2\/types\/page"}],"author":[{"embeddable":true,"href":"https:\/\/consulta-europa.com\/es\/wp-json\/wp\/v2\/users\/1"}],"replies":[{"embeddable":true,"href":"https:\/\/consulta-europa.com\/es\/wp-json\/wp\/v2\/comments?post=16878"}],"version-history":[{"count":10,"href":"https:\/\/consulta-europa.com\/es\/wp-json\/wp\/v2\/pages\/16878\/revisions"}],"predecessor-version":[{"id":19201,"href":"https:\/\/consulta-europa.com\/es\/wp-json\/wp\/v2\/pages\/16878\/revisions\/19201"}],"up":[{"embeddable":true,"href":"https:\/\/consulta-europa.com\/es\/wp-json\/wp\/v2\/pages\/16869"}],"wp:featuredmedia":[{"embeddable":true,"href":"https:\/\/consulta-europa.com\/es\/wp-json\/wp\/v2\/media\/18036"}],"wp:attachment":[{"href":"https:\/\/consulta-europa.com\/es\/wp-json\/wp\/v2\/media?parent=16878"}],"curies":[{"name":"wp","href":"https:\/\/api.w.org\/{rel}","templated":true}]}}